{"id":361,"date":"2024-11-12T17:52:29","date_gmt":"2024-11-12T16:52:29","guid":{"rendered":"https:\/\/lauraelbe.com\/?page_id=361"},"modified":"2025-09-17T19:01:09","modified_gmt":"2025-09-17T17:01:09","slug":"creations-artistiques","status":"publish","type":"page","link":"https:\/\/lauraelbe.com\/index.php\/creations-artistiques\/","title":{"rendered":"Cr\u00e9ations artistiques"},"content":{"rendered":"\n<p>La peinture est pour moi un moyen d&#8217;immortaliser les souvenirs de mes voyages et de retranscrire les \u00e9motions qu&#8217;ils suscitent. \u00c0 travers mes toiles, je capture des paysages qui invitent \u00e0 l&#8217;\u00e9vasion, mais aussi l&#8217;univers fascinant de la biologie marine, une source constante d&#8217;inspiration. Mes \u0153uvres m\u00ealent la contemplation de la nature et la beaut\u00e9 des horizons lointains, offrant une invitation au voyage \u00e0 travers la couleur et la forme.<\/p>\n\n\n\n<figure class=\"wp-block-gallery alignfull has-nested-images columns-default is-cropped wp-block-gallery-1 is-layout-flex wp-block-gallery-is-layout-flex\">\n<figure class=\"wp-block-image size-large\"><img fetchpriority=\"high\" decoding=\"async\" width=\"856\" height=\"1024\" data-id=\"362\" src=\"https:\/\/lauraelbe.com\/wp-content\/uploads\/2024\/11\/IMG_3282-856x1024.jpg\" alt=\"\" class=\"wp-image-362\" srcset=\"https:\/\/lauraelbe.com\/wp-content\/uploads\/2024\/11\/IMG_3282-856x1024.jpg 856w, https:\/\/lauraelbe.com\/wp-content\/uploads\/2024\/11\/IMG_3282-251x300.jpg 251w, https:\/\/lauraelbe.com\/wp-content\/uploads\/2024\/11\/IMG_3282-768x919.jpg 768w, https:\/\/lauraelbe.com\/wp-content\/uploads\/2024\/11\/IMG_3282-1284x1536.jpg 1284w, https:\/\/lauraelbe.com\/wp-content\/uploads\/2024\/11\/IMG_3282-1711x2048.jpg 1711w\" sizes=\"(max-width: 856px) 100vw, 856px\" \/><\/figure>\n\n\n\n<figure class=\"wp-block-image size-large\"><img decoding=\"async\" width=\"768\" height=\"1024\" data-id=\"363\" src=\"https:\/\/lauraelbe.com\/wp-content\/uploads\/2024\/11\/IMG_3083-768x1024.jpg\" alt=\"\" class=\"wp-image-363\" srcset=\"https:\/\/lauraelbe.com\/wp-content\/uploads\/2024\/11\/IMG_3083-768x1024.jpg 768w, https:\/\/lauraelbe.com\/wp-content\/uploads\/2024\/11\/IMG_3083-225x300.jpg 225w, https:\/\/lauraelbe.com\/wp-content\/uploads\/2024\/11\/IMG_3083-1152x1536.jpg 1152w, https:\/\/lauraelbe.com\/wp-content\/uploads\/2024\/11\/IMG_3083-1536x2048.jpg 1536w, https:\/\/lauraelbe.com\/wp-content\/uploads\/2024\/11\/IMG_3083-scaled.jpg 1920w\" sizes=\"(max-width: 768px) 100vw, 768px\" \/><\/figure>\n\n\n\n<figure class=\"wp-block-image size-large\"><img decoding=\"async\" width=\"768\" height=\"1024\" data-id=\"364\" src=\"https:\/\/lauraelbe.com\/wp-content\/uploads\/2024\/11\/IMG_2498-768x1024.jpg\" alt=\"\" class=\"wp-image-364\" srcset=\"https:\/\/lauraelbe.com\/wp-content\/uploads\/2024\/11\/IMG_2498-768x1024.jpg 768w, https:\/\/lauraelbe.com\/wp-content\/uploads\/2024\/11\/IMG_2498-225x300.jpg 225w, https:\/\/lauraelbe.com\/wp-content\/uploads\/2024\/11\/IMG_2498-1152x1536.jpg 1152w, https:\/\/lauraelbe.com\/wp-content\/uploads\/2024\/11\/IMG_2498-1536x2048.jpg 1536w, https:\/\/lauraelbe.com\/wp-content\/uploads\/2024\/11\/IMG_2498-scaled.jpg 1920w\" sizes=\"(max-width: 768px) 100vw, 768px\" \/><\/figure>\n\n\n\n<figure class=\"wp-block-image size-large\"><img loading=\"lazy\" decoding=\"async\" width=\"769\" height=\"1024\" data-id=\"365\" src=\"https:\/\/lauraelbe.com\/wp-content\/uploads\/2024\/11\/IMG_3331-769x1024.jpg\" alt=\"\" class=\"wp-image-365\" srcset=\"https:\/\/lauraelbe.com\/wp-content\/uploads\/2024\/11\/IMG_3331-769x1024.jpg 769w, https:\/\/lauraelbe.com\/wp-content\/uploads\/2024\/11\/IMG_3331-225x300.jpg 225w, https:\/\/lauraelbe.com\/wp-content\/uploads\/2024\/11\/IMG_3331-768x1023.jpg 768w, https:\/\/lauraelbe.com\/wp-content\/uploads\/2024\/11\/IMG_3331-1153x1536.jpg 1153w, https:\/\/lauraelbe.com\/wp-content\/uploads\/2024\/11\/IMG_3331-1538x2048.jpg 1538w, https:\/\/lauraelbe.com\/wp-content\/uploads\/2024\/11\/IMG_3331-scaled.jpg 1922w\" sizes=\"(max-width: 769px) 100vw, 769px\" \/><\/figure>\n\n\n\n<figure class=\"wp-block-image size-large\"><img loading=\"lazy\" decoding=\"async\" width=\"1024\" height=\"769\" data-id=\"366\" src=\"https:\/\/lauraelbe.com\/wp-content\/uploads\/2024\/11\/IMG_3330-1024x769.jpg\" alt=\"\" class=\"wp-image-366\" srcset=\"https:\/\/lauraelbe.com\/wp-content\/uploads\/2024\/11\/IMG_3330-1024x769.jpg 1024w, https:\/\/lauraelbe.com\/wp-content\/uploads\/2024\/11\/IMG_3330-300x225.jpg 300w, https:\/\/lauraelbe.com\/wp-content\/uploads\/2024\/11\/IMG_3330-768x577.jpg 768w, https:\/\/lauraelbe.com\/wp-content\/uploads\/2024\/11\/IMG_3330-1536x1153.jpg 1536w, https:\/\/lauraelbe.com\/wp-content\/uploads\/2024\/11\/IMG_3330-2048x1538.jpg 2048w\" sizes=\"(max-width: 1024px) 100vw, 1024px\" \/><\/figure>\n\n\n\n<figure class=\"wp-block-image size-large\"><img loading=\"lazy\" decoding=\"async\" width=\"1024\" height=\"769\" data-id=\"367\" src=\"https:\/\/lauraelbe.com\/wp-content\/uploads\/2024\/11\/IMG_3332-1024x769.jpg\" alt=\"\" class=\"wp-image-367\" srcset=\"https:\/\/lauraelbe.com\/wp-content\/uploads\/2024\/11\/IMG_3332-1024x769.jpg 1024w, https:\/\/lauraelbe.com\/wp-content\/uploads\/2024\/11\/IMG_3332-300x225.jpg 300w, https:\/\/lauraelbe.com\/wp-content\/uploads\/2024\/11\/IMG_3332-768x577.jpg 768w, https:\/\/lauraelbe.com\/wp-content\/uploads\/2024\/11\/IMG_3332-1536x1153.jpg 1536w, https:\/\/lauraelbe.com\/wp-content\/uploads\/2024\/11\/IMG_3332-2048x1538.jpg 2048w\" sizes=\"(max-width: 1024px) 100vw, 1024px\" \/><\/figure>\n\n\n\n<figure class=\"wp-block-image size-large\"><img loading=\"lazy\" decoding=\"async\" width=\"768\" height=\"1024\" data-id=\"368\" src=\"https:\/\/lauraelbe.com\/wp-content\/uploads\/2024\/11\/IMG_5092-768x1024.jpg\" alt=\"\" class=\"wp-image-368\" srcset=\"https:\/\/lauraelbe.com\/wp-content\/uploads\/2024\/11\/IMG_5092-768x1024.jpg 768w, https:\/\/lauraelbe.com\/wp-content\/uploads\/2024\/11\/IMG_5092-225x300.jpg 225w, https:\/\/lauraelbe.com\/wp-content\/uploads\/2024\/11\/IMG_5092-1152x1536.jpg 1152w, https:\/\/lauraelbe.com\/wp-content\/uploads\/2024\/11\/IMG_5092-1536x2048.jpg 1536w, https:\/\/lauraelbe.com\/wp-content\/uploads\/2024\/11\/IMG_5092-scaled.jpg 1920w\" sizes=\"(max-width: 768px) 100vw, 768px\" \/><\/figure>\n\n\n\n<figure class=\"wp-block-image size-large\"><img loading=\"lazy\" decoding=\"async\" width=\"576\" height=\"1024\" data-id=\"369\" src=\"https:\/\/lauraelbe.com\/wp-content\/uploads\/2024\/11\/IMG_3219-576x1024.jpg\" alt=\"\" class=\"wp-image-369\" srcset=\"https:\/\/lauraelbe.com\/wp-content\/uploads\/2024\/11\/IMG_3219-576x1024.jpg 576w, https:\/\/lauraelbe.com\/wp-content\/uploads\/2024\/11\/IMG_3219-169x300.jpg 169w, https:\/\/lauraelbe.com\/wp-content\/uploads\/2024\/11\/IMG_3219-768x1365.jpg 768w, https:\/\/lauraelbe.com\/wp-content\/uploads\/2024\/11\/IMG_3219-864x1536.jpg 864w, https:\/\/lauraelbe.com\/wp-content\/uploads\/2024\/11\/IMG_3219-1152x2048.jpg 1152w, https:\/\/lauraelbe.com\/wp-content\/uploads\/2024\/11\/IMG_3219.jpg 1242w\" sizes=\"(max-width: 576px) 100vw, 576px\" \/><\/figure>\n<\/figure>\n\n\n\n<h2 class=\"wp-block-heading\">Design g\u00e9n\u00e9ratif<\/h2>\n\n\n\n<p><strong><em>Soul Capsule<\/em><\/strong><br>Plong\u00e9e dans l&#8217;immensit\u00e9 du vide,&nbsp;<em>Soul Capsule<\/em>&nbsp;est une immersion dans mon esprit, un r\u00eave d\u2019un roller disco sur la C\u00f4te d\u2019Azur, fusionnant ambiance disco tropicale et nature verdoyante. Inspir\u00e9e par l&#8217;architecture immersive de James Turrell, cette \u0153uvre explore la lumi\u00e8re, les n\u00e9ons et les couleurs sous forme de particules al\u00e9atoires, cr\u00e9ant une dimension onirique. R\u00e9alis\u00e9e sur Unity, elle joue avec l\u2019espace, les rep\u00e8res physiques et les effets visuels, tels que des particules color\u00e9es qui dansent au rythme de l&#8217;atmosph\u00e8re sonore. Cette cr\u00e9ation, entre r\u00eave et r\u00e9alit\u00e9, incarne mon identit\u00e9 visuelle et mon style artistique.<\/p>\n\n\n\n<figure class=\"wp-block-embed is-type-video is-provider-youtube wp-block-embed-youtube wp-embed-aspect-16-9 wp-has-aspect-ratio\"><div class=\"wp-block-embed__wrapper\">\n<iframe title=\"SOUL CAPSULE\" width=\"500\" height=\"281\" src=\"https:\/\/www.youtube.com\/embed\/OKaZy4PyWwM?feature=oembed\" frameborder=\"0\" allow=\"accelerometer; autoplay; clipboard-write; encrypted-media; gyroscope; picture-in-picture; web-share\" referrerpolicy=\"strict-origin-when-cross-origin\" allowfullscreen><\/iframe>\n<\/div><\/figure>\n\n\n\n<p><strong><em>Passion<\/em><\/strong><br>Cr\u00e9er sur la plateforme CodePen, ce visuel est enti\u00e8rement g\u00e9n\u00e9r\u00e9 par du code (HTML, CSS). il est ma repr\u00e9sentation des \u00e9tapes de la Passion.<\/p>\n\n\n\n<figure class=\"wp-block-image size-large\"><a href=\"https:\/\/codepen.io\/Laurabastiani\/pen\/xxzqgrL\"><img loading=\"lazy\" decoding=\"async\" width=\"1024\" height=\"521\" src=\"https:\/\/lauraelbe.com\/wp-content\/uploads\/2024\/11\/Capture-decran-2024-11-12-a-17.59.24-1024x521.png\" alt=\"\" class=\"wp-image-374\" srcset=\"https:\/\/lauraelbe.com\/wp-content\/uploads\/2024\/11\/Capture-decran-2024-11-12-a-17.59.24-1024x521.png 1024w, https:\/\/lauraelbe.com\/wp-content\/uploads\/2024\/11\/Capture-decran-2024-11-12-a-17.59.24-300x153.png 300w, https:\/\/lauraelbe.com\/wp-content\/uploads\/2024\/11\/Capture-decran-2024-11-12-a-17.59.24-768x391.png 768w, https:\/\/lauraelbe.com\/wp-content\/uploads\/2024\/11\/Capture-decran-2024-11-12-a-17.59.24-1536x781.png 1536w, https:\/\/lauraelbe.com\/wp-content\/uploads\/2024\/11\/Capture-decran-2024-11-12-a-17.59.24-2048x1042.png 2048w\" sizes=\"(max-width: 1024px) 100vw, 1024px\" \/><\/a><\/figure>\n","protected":false},"excerpt":{"rendered":"<p>La peinture est pour moi un moyen d&#8217;immortaliser les souvenirs de mes voyages et de retranscrire les \u00e9motions qu&#8217;ils suscitent. \u00c0 travers mes toiles, je capture des paysages qui invitent \u00e0 l&#8217;\u00e9vasion, mais aussi l&#8217;univers fascinant de la biologie marine, une source constante d&#8217;inspiration. Mes \u0153uvres m\u00ealent la contemplation de la nature et la beaut\u00e9 [&hellip;]<\/p>\n","protected":false},"author":1,"featured_media":0,"parent":0,"menu_order":0,"comment_status":"closed","ping_status":"closed","template":"","meta":{"_monsterinsights_skip_tracking":false,"_monsterinsights_sitenote_active":false,"_monsterinsights_sitenote_note":"","_monsterinsights_sitenote_category":0,"footnotes":""},"class_list":["post-361","page","type-page","status-publish","hentry"],"yoast_head":"<!-- This site is optimized with the Yoast SEO plugin v26.0 - https:\/\/yoast.com\/wordpress\/plugins\/seo\/ -->\n<title>Cr\u00e9ations artistiques - Charg\u00e9e de projets multim\u00e9dias<\/title>\n<meta name=\"robots\" content=\"index, follow, max-snippet:-1, max-image-preview:large, max-video-preview:-1\" \/>\n<link rel=\"canonical\" href=\"https:\/\/lauraelbe.com\/index.php\/creations-artistiques\/\" \/>\n<meta property=\"og:locale\" content=\"en_US\" \/>\n<meta property=\"og:type\" content=\"article\" \/>\n<meta property=\"og:title\" content=\"Cr\u00e9ations artistiques - Charg\u00e9e de projets multim\u00e9dias\" \/>\n<meta property=\"og:description\" content=\"La peinture est pour moi un moyen d&#8217;immortaliser les souvenirs de mes voyages et de retranscrire les \u00e9motions qu&#8217;ils suscitent. \u00c0 travers mes toiles, je capture des paysages qui invitent \u00e0 l&#8217;\u00e9vasion, mais aussi l&#8217;univers fascinant de la biologie marine, une source constante d&#8217;inspiration. Mes \u0153uvres m\u00ealent la contemplation de la nature et la beaut\u00e9 [&hellip;]\" \/>\n<meta property=\"og:url\" content=\"https:\/\/lauraelbe.com\/index.php\/creations-artistiques\/\" \/>\n<meta property=\"og:site_name\" content=\"Charg\u00e9e de projets multim\u00e9dias\" \/>\n<meta property=\"article:modified_time\" content=\"2025-09-17T17:01:09+00:00\" \/>\n<meta property=\"og:image\" content=\"https:\/\/lauraelbe.com\/wp-content\/uploads\/2024\/11\/IMG_3282-856x1024.jpg\" \/>\n<meta name=\"twitter:card\" content=\"summary_large_image\" \/>\n<meta name=\"twitter:label1\" content=\"Est. reading time\" \/>\n\t<meta name=\"twitter:data1\" content=\"3 minutes\" \/>\n<script type=\"application\/ld+json\" class=\"yoast-schema-graph\">{\"@context\":\"https:\/\/schema.org\",\"@graph\":[{\"@type\":\"WebPage\",\"@id\":\"https:\/\/lauraelbe.com\/index.php\/creations-artistiques\/\",\"url\":\"https:\/\/lauraelbe.com\/index.php\/creations-artistiques\/\",\"name\":\"Cr\u00e9ations artistiques - Charg\u00e9e de projets multim\u00e9dias\",\"isPartOf\":{\"@id\":\"https:\/\/lauraelbe.com\/#website\"},\"primaryImageOfPage\":{\"@id\":\"https:\/\/lauraelbe.com\/index.php\/creations-artistiques\/#primaryimage\"},\"image\":{\"@id\":\"https:\/\/lauraelbe.com\/index.php\/creations-artistiques\/#primaryimage\"},\"thumbnailUrl\":\"https:\/\/lauraelbe.com\/wp-content\/uploads\/2024\/11\/IMG_3282-856x1024.jpg\",\"datePublished\":\"2024-11-12T16:52:29+00:00\",\"dateModified\":\"2025-09-17T17:01:09+00:00\",\"breadcrumb\":{\"@id\":\"https:\/\/lauraelbe.com\/index.php\/creations-artistiques\/#breadcrumb\"},\"inLanguage\":\"en-US\",\"potentialAction\":[{\"@type\":\"ReadAction\",\"target\":[\"https:\/\/lauraelbe.com\/index.php\/creations-artistiques\/\"]}]},{\"@type\":\"ImageObject\",\"inLanguage\":\"en-US\",\"@id\":\"https:\/\/lauraelbe.com\/index.php\/creations-artistiques\/#primaryimage\",\"url\":\"https:\/\/lauraelbe.com\/wp-content\/uploads\/2024\/11\/IMG_3282-scaled.jpg\",\"contentUrl\":\"https:\/\/lauraelbe.com\/wp-content\/uploads\/2024\/11\/IMG_3282-scaled.jpg\",\"width\":2139,\"height\":2560},{\"@type\":\"BreadcrumbList\",\"@id\":\"https:\/\/lauraelbe.com\/index.php\/creations-artistiques\/#breadcrumb\",\"itemListElement\":[{\"@type\":\"ListItem\",\"position\":1,\"name\":\"Accueil\",\"item\":\"https:\/\/lauraelbe.com\/\"},{\"@type\":\"ListItem\",\"position\":2,\"name\":\"Cr\u00e9ations artistiques\"}]},{\"@type\":\"WebSite\",\"@id\":\"https:\/\/lauraelbe.com\/#website\",\"url\":\"https:\/\/lauraelbe.com\/\",\"name\":\"Laura elbe\",\"description\":\"\",\"publisher\":{\"@id\":\"https:\/\/lauraelbe.com\/#\/schema\/person\/41df492673f68599e3b598ab73c7612c\"},\"potentialAction\":[{\"@type\":\"SearchAction\",\"target\":{\"@type\":\"EntryPoint\",\"urlTemplate\":\"https:\/\/lauraelbe.com\/?s={search_term_string}\"},\"query-input\":{\"@type\":\"PropertyValueSpecification\",\"valueRequired\":true,\"valueName\":\"search_term_string\"}}],\"inLanguage\":\"en-US\"},{\"@type\":[\"Person\",\"Organization\"],\"@id\":\"https:\/\/lauraelbe.com\/#\/schema\/person\/41df492673f68599e3b598ab73c7612c\",\"name\":\"laura\",\"image\":{\"@type\":\"ImageObject\",\"inLanguage\":\"en-US\",\"@id\":\"https:\/\/lauraelbe.com\/#\/schema\/person\/image\/\",\"url\":\"https:\/\/lauraelbe.com\/wp-content\/uploads\/2025\/09\/Lauraelbe-LOGO-06-edited-1-scaled.png\",\"contentUrl\":\"https:\/\/lauraelbe.com\/wp-content\/uploads\/2025\/09\/Lauraelbe-LOGO-06-edited-1-scaled.png\",\"width\":2560,\"height\":1440,\"caption\":\"laura\"},\"logo\":{\"@id\":\"https:\/\/lauraelbe.com\/#\/schema\/person\/image\/\"},\"sameAs\":[\"http:\/\/lauraelbe.com\"]}]}<\/script>\n<!-- \/ Yoast SEO plugin. -->","yoast_head_json":{"title":"Cr\u00e9ations artistiques - Charg\u00e9e de projets multim\u00e9dias","robots":{"index":"index","follow":"follow","max-snippet":"max-snippet:-1","max-image-preview":"max-image-preview:large","max-video-preview":"max-video-preview:-1"},"canonical":"https:\/\/lauraelbe.com\/index.php\/creations-artistiques\/","og_locale":"en_US","og_type":"article","og_title":"Cr\u00e9ations artistiques - Charg\u00e9e de projets multim\u00e9dias","og_description":"La peinture est pour moi un moyen d&#8217;immortaliser les souvenirs de mes voyages et de retranscrire les \u00e9motions qu&#8217;ils suscitent. \u00c0 travers mes toiles, je capture des paysages qui invitent \u00e0 l&#8217;\u00e9vasion, mais aussi l&#8217;univers fascinant de la biologie marine, une source constante d&#8217;inspiration. Mes \u0153uvres m\u00ealent la contemplation de la nature et la beaut\u00e9 [&hellip;]","og_url":"https:\/\/lauraelbe.com\/index.php\/creations-artistiques\/","og_site_name":"Charg\u00e9e de projets multim\u00e9dias","article_modified_time":"2025-09-17T17:01:09+00:00","og_image":[{"url":"https:\/\/lauraelbe.com\/wp-content\/uploads\/2024\/11\/IMG_3282-856x1024.jpg","type":"","width":"","height":""}],"twitter_card":"summary_large_image","twitter_misc":{"Est. reading time":"3 minutes"},"schema":{"@context":"https:\/\/schema.org","@graph":[{"@type":"WebPage","@id":"https:\/\/lauraelbe.com\/index.php\/creations-artistiques\/","url":"https:\/\/lauraelbe.com\/index.php\/creations-artistiques\/","name":"Cr\u00e9ations artistiques - Charg\u00e9e de projets multim\u00e9dias","isPartOf":{"@id":"https:\/\/lauraelbe.com\/#website"},"primaryImageOfPage":{"@id":"https:\/\/lauraelbe.com\/index.php\/creations-artistiques\/#primaryimage"},"image":{"@id":"https:\/\/lauraelbe.com\/index.php\/creations-artistiques\/#primaryimage"},"thumbnailUrl":"https:\/\/lauraelbe.com\/wp-content\/uploads\/2024\/11\/IMG_3282-856x1024.jpg","datePublished":"2024-11-12T16:52:29+00:00","dateModified":"2025-09-17T17:01:09+00:00","breadcrumb":{"@id":"https:\/\/lauraelbe.com\/index.php\/creations-artistiques\/#breadcrumb"},"inLanguage":"en-US","potentialAction":[{"@type":"ReadAction","target":["https:\/\/lauraelbe.com\/index.php\/creations-artistiques\/"]}]},{"@type":"ImageObject","inLanguage":"en-US","@id":"https:\/\/lauraelbe.com\/index.php\/creations-artistiques\/#primaryimage","url":"https:\/\/lauraelbe.com\/wp-content\/uploads\/2024\/11\/IMG_3282-scaled.jpg","contentUrl":"https:\/\/lauraelbe.com\/wp-content\/uploads\/2024\/11\/IMG_3282-scaled.jpg","width":2139,"height":2560},{"@type":"BreadcrumbList","@id":"https:\/\/lauraelbe.com\/index.php\/creations-artistiques\/#breadcrumb","itemListElement":[{"@type":"ListItem","position":1,"name":"Accueil","item":"https:\/\/lauraelbe.com\/"},{"@type":"ListItem","position":2,"name":"Cr\u00e9ations artistiques"}]},{"@type":"WebSite","@id":"https:\/\/lauraelbe.com\/#website","url":"https:\/\/lauraelbe.com\/","name":"Laura elbe","description":"","publisher":{"@id":"https:\/\/lauraelbe.com\/#\/schema\/person\/41df492673f68599e3b598ab73c7612c"},"potentialAction":[{"@type":"SearchAction","target":{"@type":"EntryPoint","urlTemplate":"https:\/\/lauraelbe.com\/?s={search_term_string}"},"query-input":{"@type":"PropertyValueSpecification","valueRequired":true,"valueName":"search_term_string"}}],"inLanguage":"en-US"},{"@type":["Person","Organization"],"@id":"https:\/\/lauraelbe.com\/#\/schema\/person\/41df492673f68599e3b598ab73c7612c","name":"laura","image":{"@type":"ImageObject","inLanguage":"en-US","@id":"https:\/\/lauraelbe.com\/#\/schema\/person\/image\/","url":"https:\/\/lauraelbe.com\/wp-content\/uploads\/2025\/09\/Lauraelbe-LOGO-06-edited-1-scaled.png","contentUrl":"https:\/\/lauraelbe.com\/wp-content\/uploads\/2025\/09\/Lauraelbe-LOGO-06-edited-1-scaled.png","width":2560,"height":1440,"caption":"laura"},"logo":{"@id":"https:\/\/lauraelbe.com\/#\/schema\/person\/image\/"},"sameAs":["http:\/\/lauraelbe.com"]}]}},"_links":{"self":[{"href":"https:\/\/lauraelbe.com\/index.php\/wp-json\/wp\/v2\/pages\/361","targetHints":{"allow":["GET"]}}],"collection":[{"href":"https:\/\/lauraelbe.com\/index.php\/wp-json\/wp\/v2\/pages"}],"about":[{"href":"https:\/\/lauraelbe.com\/index.php\/wp-json\/wp\/v2\/types\/page"}],"author":[{"embeddable":true,"href":"https:\/\/lauraelbe.com\/index.php\/wp-json\/wp\/v2\/users\/1"}],"replies":[{"embeddable":true,"href":"https:\/\/lauraelbe.com\/index.php\/wp-json\/wp\/v2\/comments?post=361"}],"version-history":[{"count":5,"href":"https:\/\/lauraelbe.com\/index.php\/wp-json\/wp\/v2\/pages\/361\/revisions"}],"predecessor-version":[{"id":518,"href":"https:\/\/lauraelbe.com\/index.php\/wp-json\/wp\/v2\/pages\/361\/revisions\/518"}],"wp:attachment":[{"href":"https:\/\/lauraelbe.com\/index.php\/wp-json\/wp\/v2\/media?parent=361"}],"curies":[{"name":"wp","href":"https:\/\/api.w.org\/{rel}","templated":true}]}}