{"id":243,"date":"2024-10-05T12:12:28","date_gmt":"2024-10-05T10:12:28","guid":{"rendered":"https:\/\/lauraelbe.com\/?page_id=243"},"modified":"2025-08-17T10:40:23","modified_gmt":"2025-08-17T08:40:23","slug":"accueil","status":"publish","type":"page","link":"https:\/\/lauraelbe.com\/index.php\/accueil\/","title":{"rendered":"Accueil"},"content":{"rendered":"\n<div class=\"wp-block-group alignfull has-global-padding is-layout-constrained wp-container-core-group-is-layout-e170f89d wp-block-group-is-layout-constrained\" style=\"margin-top:0;margin-bottom:0;padding-top:0;padding-right:var(--wp--preset--spacing--40);padding-bottom:0;padding-left:var(--wp--preset--spacing--40)\">\n<div class=\"wp-block-columns alignwide are-vertically-aligned-center is-layout-flex wp-container-core-columns-is-layout-47c06fe3 wp-block-columns-is-layout-flex\">\n<div class=\"wp-block-column is-vertically-aligned-center is-layout-flow wp-block-column-is-layout-flow\" style=\"flex-basis:50%\">\n<h2 class=\"wp-block-heading\">A PROPOS<\/h2>\n\n\n\n<p>Je suis Laura, passionn\u00e9e par le design et la communication digitale. J\u2019aime transformer une id\u00e9e en projet concret : un site web fonctionnel, une identit\u00e9 visuelle marquante, un catalogue clair ou encore des contenus cr\u00e9atifs pour les r\u00e9seaux sociaux.<br>Mon objectif ? Cr\u00e9er des supports esth\u00e9tiques et efficaces, qui racontent une histoire et mettent en valeur chaque projet.<br>Curieuse, rigoureuse et toujours \u00e0 l\u2019\u00e9coute, je mets ma cr\u00e9ativit\u00e9 au service de solutions sur mesure. \u2728<\/p>\n\n\n\n<div class=\"wp-block-buttons is-layout-flex wp-block-buttons-is-layout-flex\">\n<div class=\"wp-block-button\"><a class=\"wp-block-button__link wp-element-button\" href=\"https:\/\/lauraelbe.com\/index.php\/cv\/\">En savoir plus &#8230;<\/a><\/div>\n<\/div>\n<\/div>\n\n\n\n<div class=\"wp-block-column is-vertically-aligned-center is-layout-flow wp-block-column-is-layout-flow\" style=\"flex-basis:50%\">\n<figure class=\"wp-block-image size-full has-custom-border is-style-rounded is-style-rounded--1\"><img fetchpriority=\"high\" decoding=\"async\" width=\"1920\" height=\"1894\" src=\"http:\/\/lauraelbe.com\/wp-content\/uploads\/2024\/09\/IMG_7806-scaled-e1726752056883.jpg\" alt=\"\" class=\"wp-image-34\" style=\"border-style:none;border-width:0px;border-radius:100px\" srcset=\"https:\/\/lauraelbe.com\/wp-content\/uploads\/2024\/09\/IMG_7806-scaled-e1726752056883.jpg 1920w, https:\/\/lauraelbe.com\/wp-content\/uploads\/2024\/09\/IMG_7806-scaled-e1726752056883-300x296.jpg 300w, https:\/\/lauraelbe.com\/wp-content\/uploads\/2024\/09\/IMG_7806-scaled-e1726752056883-1024x1010.jpg 1024w, https:\/\/lauraelbe.com\/wp-content\/uploads\/2024\/09\/IMG_7806-scaled-e1726752056883-768x758.jpg 768w, https:\/\/lauraelbe.com\/wp-content\/uploads\/2024\/09\/IMG_7806-scaled-e1726752056883-1536x1515.jpg 1536w\" sizes=\"(max-width: 1920px) 100vw, 1920px\" \/><\/figure>\n<\/div>\n<\/div>\n<\/div>\n\n\n\n<div class=\"wp-block-group alignfull has-accent-4-background-color has-text-color has-background is-layout-flow wp-block-group-is-layout-flow\" style=\"color:#000000;margin-top:var(--wp--preset--spacing--10);margin-bottom:var(--wp--preset--spacing--10);padding-top:var(--wp--preset--spacing--20);padding-bottom:var(--wp--preset--spacing--20)\">\n<div style=\"height:2px\" aria-hidden=\"true\" class=\"wp-block-spacer\"><\/div>\n\n\n\n<p class=\"has-text-align-center has-large-font-size\" style=\"line-height:.9\">Envie de donner vie \u00e0 vos id\u00e9es ?&nbsp;<\/p>\n\n\n\n<p class=\"has-text-align-center has-large-font-size\">Travaillons ensemble pour cr\u00e9er du contenu unique et vibrant ! \ud83c\udf1f<\/p>\n\n\n\n<div class=\"wp-block-buttons is-horizontal is-content-justification-center is-layout-flex wp-container-core-buttons-is-layout-03627597 wp-block-buttons-is-layout-flex\">\n<div class=\"wp-block-button has-custom-width wp-block-button__width-50\"><a class=\"wp-block-button__link has-text-color has-background wp-element-button\" href=\"https:\/\/lauraelbe.com\/index.php\/contact\/\" style=\"border-radius:50px;color:#ffffff;background-color:#000000\">Let&#8217;s Go !<\/a><\/div>\n<\/div>\n<\/div>\n\n\n\n<div class=\"wp-block-group alignwide has-global-padding is-layout-constrained wp-block-group-is-layout-constrained\">\n<figure class=\"wp-block-gallery alignwide has-nested-images columns-default is-cropped wp-block-gallery-2 is-layout-flex wp-block-gallery-is-layout-flex\">\n<figure class=\"wp-block-image size-large\"><img decoding=\"async\" width=\"769\" height=\"1024\" data-id=\"49\" src=\"http:\/\/lauraelbe.com\/wp-content\/uploads\/2024\/09\/1-769x1024.jpg\" alt=\"\" class=\"wp-image-49\" srcset=\"https:\/\/lauraelbe.com\/wp-content\/uploads\/2024\/09\/1-769x1024.jpg 769w, https:\/\/lauraelbe.com\/wp-content\/uploads\/2024\/09\/1-225x300.jpg 225w, https:\/\/lauraelbe.com\/wp-content\/uploads\/2024\/09\/1-768x1023.jpg 768w, https:\/\/lauraelbe.com\/wp-content\/uploads\/2024\/09\/1-1153x1536.jpg 1153w, https:\/\/lauraelbe.com\/wp-content\/uploads\/2024\/09\/1-1538x2048.jpg 1538w, https:\/\/lauraelbe.com\/wp-content\/uploads\/2024\/09\/1-scaled.jpg 1922w\" sizes=\"(max-width: 769px) 100vw, 769px\" \/><\/figure>\n\n\n\n<figure class=\"wp-block-image size-large\"><img decoding=\"async\" width=\"646\" height=\"1024\" data-id=\"54\" src=\"http:\/\/lauraelbe.com\/wp-content\/uploads\/2024\/09\/VERRE_2-copie-646x1024.png\" alt=\"\" class=\"wp-image-54\" srcset=\"https:\/\/lauraelbe.com\/wp-content\/uploads\/2024\/09\/VERRE_2-copie-646x1024.png 646w, https:\/\/lauraelbe.com\/wp-content\/uploads\/2024\/09\/VERRE_2-copie-189x300.png 189w, https:\/\/lauraelbe.com\/wp-content\/uploads\/2024\/09\/VERRE_2-copie-768x1217.png 768w, https:\/\/lauraelbe.com\/wp-content\/uploads\/2024\/09\/VERRE_2-copie-970x1536.png 970w, https:\/\/lauraelbe.com\/wp-content\/uploads\/2024\/09\/VERRE_2-copie-1293x2048.png 1293w\" sizes=\"(max-width: 646px) 100vw, 646px\" \/><\/figure>\n\n\n\n<figure class=\"wp-block-image size-large\"><img loading=\"lazy\" decoding=\"async\" width=\"785\" height=\"1024\" data-id=\"55\" src=\"http:\/\/lauraelbe.com\/wp-content\/uploads\/2024\/09\/juicy-peche-785x1024.jpg\" alt=\"\" class=\"wp-image-55\" srcset=\"https:\/\/lauraelbe.com\/wp-content\/uploads\/2024\/09\/juicy-peche-785x1024.jpg 785w, https:\/\/lauraelbe.com\/wp-content\/uploads\/2024\/09\/juicy-peche-230x300.jpg 230w, https:\/\/lauraelbe.com\/wp-content\/uploads\/2024\/09\/juicy-peche-768x1002.jpg 768w, https:\/\/lauraelbe.com\/wp-content\/uploads\/2024\/09\/juicy-peche-1177x1536.jpg 1177w, https:\/\/lauraelbe.com\/wp-content\/uploads\/2024\/09\/juicy-peche-1570x2048.jpg 1570w, https:\/\/lauraelbe.com\/wp-content\/uploads\/2024\/09\/juicy-peche-scaled.jpg 1962w\" sizes=\"(max-width: 785px) 100vw, 785px\" \/><\/figure>\n<\/figure>\n<\/div>\n\n\n\n<div class=\"wp-block-group alignfull has-base-background-color has-background has-global-padding is-layout-constrained wp-container-core-group-is-layout-b673cb31 wp-block-group-is-layout-constrained\" style=\"margin-top:0;margin-bottom:0;padding-top:var(--wp--preset--spacing--30);padding-right:var(--wp--preset--spacing--50);padding-bottom:var(--wp--preset--spacing--30);padding-left:var(--wp--preset--spacing--50)\">\n<div class=\"wp-block-columns alignwide is-layout-flex wp-container-core-columns-is-layout-1da03c2a wp-block-columns-is-layout-flex\">\n<div class=\"wp-block-column is-vertically-aligned-center is-layout-flow wp-block-column-is-layout-flow\" style=\"flex-basis:60%\">\n<figure class=\"wp-block-image size-full is-resized is-style-rounded wp-duotone-unset-4 is-style-rounded--3\"><img loading=\"lazy\" decoding=\"async\" width=\"1793\" height=\"2577\" src=\"http:\/\/lauraelbe.com\/wp-content\/uploads\/2024\/09\/2-e1726756100379.png\" alt=\"\" class=\"wp-image-73\" style=\"aspect-ratio:1.3333333333333333;object-fit:cover;width:526px;height:auto\" srcset=\"https:\/\/lauraelbe.com\/wp-content\/uploads\/2024\/09\/2-e1726756100379.png 1793w, https:\/\/lauraelbe.com\/wp-content\/uploads\/2024\/09\/2-e1726756100379-209x300.png 209w, https:\/\/lauraelbe.com\/wp-content\/uploads\/2024\/09\/2-e1726756100379-712x1024.png 712w, https:\/\/lauraelbe.com\/wp-content\/uploads\/2024\/09\/2-e1726756100379-768x1104.png 768w, https:\/\/lauraelbe.com\/wp-content\/uploads\/2024\/09\/2-e1726756100379-1069x1536.png 1069w, https:\/\/lauraelbe.com\/wp-content\/uploads\/2024\/09\/2-e1726756100379-1425x2048.png 1425w\" sizes=\"(max-width: 1793px) 100vw, 1793px\" \/><\/figure>\n<\/div>\n\n\n\n<div class=\"wp-block-column is-layout-flow wp-block-column-is-layout-flow\" style=\"flex-basis:40%\">\n<h2 class=\"wp-block-heading\">UX\/UI DESIGN<\/h2>\n<\/div>\n<\/div>\n<\/div>\n\n\n\n<div class=\"wp-block-group alignwide has-global-padding is-layout-constrained wp-block-group-is-layout-constrained\">\n<figure class=\"wp-block-gallery alignwide has-nested-images columns-default is-cropped wp-block-gallery-5 is-layout-flex wp-block-gallery-is-layout-flex\">\n<figure class=\"wp-block-image size-full\"><img loading=\"lazy\" decoding=\"async\" width=\"735\" height=\"722\" data-id=\"43\" src=\"http:\/\/lauraelbe.com\/wp-content\/uploads\/2024\/09\/sambasabor-wordmark-1.jpg\" alt=\"\" class=\"wp-image-43\" srcset=\"https:\/\/lauraelbe.com\/wp-content\/uploads\/2024\/09\/sambasabor-wordmark-1.jpg 735w, https:\/\/lauraelbe.com\/wp-content\/uploads\/2024\/09\/sambasabor-wordmark-1-300x295.jpg 300w\" sizes=\"(max-width: 735px) 100vw, 735px\" \/><\/figure>\n\n\n\n<figure class=\"wp-block-image size-large\"><img loading=\"lazy\" decoding=\"async\" width=\"772\" height=\"1024\" data-id=\"71\" src=\"http:\/\/lauraelbe.com\/wp-content\/uploads\/2024\/09\/affiche-musee1-772x1024.jpg\" alt=\"\" class=\"wp-image-71\" srcset=\"https:\/\/lauraelbe.com\/wp-content\/uploads\/2024\/09\/affiche-musee1-772x1024.jpg 772w, https:\/\/lauraelbe.com\/wp-content\/uploads\/2024\/09\/affiche-musee1-226x300.jpg 226w, https:\/\/lauraelbe.com\/wp-content\/uploads\/2024\/09\/affiche-musee1-768x1019.jpg 768w, https:\/\/lauraelbe.com\/wp-content\/uploads\/2024\/09\/affiche-musee1-1157x1536.jpg 1157w, https:\/\/lauraelbe.com\/wp-content\/uploads\/2024\/09\/affiche-musee1.jpg 1180w\" sizes=\"(max-width: 772px) 100vw, 772px\" \/><\/figure>\n\n\n\n<figure class=\"wp-block-image size-large\"><img loading=\"lazy\" decoding=\"async\" width=\"1024\" height=\"715\" data-id=\"72\" src=\"http:\/\/lauraelbe.com\/wp-content\/uploads\/2024\/09\/mockupflyereac-e1726755332306-1024x715.png\" alt=\"\" class=\"wp-image-72\" srcset=\"https:\/\/lauraelbe.com\/wp-content\/uploads\/2024\/09\/mockupflyereac-e1726755332306-1024x715.png 1024w, https:\/\/lauraelbe.com\/wp-content\/uploads\/2024\/09\/mockupflyereac-e1726755332306-300x209.png 300w, https:\/\/lauraelbe.com\/wp-content\/uploads\/2024\/09\/mockupflyereac-e1726755332306-768x536.png 768w, https:\/\/lauraelbe.com\/wp-content\/uploads\/2024\/09\/mockupflyereac-e1726755332306.png 1080w\" sizes=\"(max-width: 1024px) 100vw, 1024px\" \/><\/figure>\n<\/figure>\n<\/div>\n\n\n\n<p><\/p>\n","protected":false},"excerpt":{"rendered":"<p>A PROPOS Je suis Laura, passionn\u00e9e par le design et la communication digitale. J\u2019aime transformer une id\u00e9e en projet concret : un site web fonctionnel, une identit\u00e9 visuelle marquante, un catalogue clair ou encore des contenus cr\u00e9atifs pour les r\u00e9seaux sociaux.Mon objectif ? Cr\u00e9er des supports esth\u00e9tiques et efficaces, qui racontent une histoire et mettent [&hellip;]<\/p>\n","protected":false},"author":1,"featured_media":0,"parent":0,"menu_order":0,"comment_status":"closed","ping_status":"closed","template":"","meta":{"_monsterinsights_skip_tracking":false,"_monsterinsights_sitenote_active":false,"_monsterinsights_sitenote_note":"","_monsterinsights_sitenote_category":0,"footnotes":""},"class_list":["post-243","page","type-page","status-publish","hentry"],"yoast_head":"<!-- This site is optimized with the Yoast SEO plugin v26.0 - https:\/\/yoast.com\/wordpress\/plugins\/seo\/ -->\n<title>Accueil - Charg\u00e9e de projets multim\u00e9dias<\/title>\n<meta name=\"description\" content=\"Cr\u00e9atrice de contenu passionn\u00e9e par le pouvoir des images et des exp\u00e9riences, je donne vie \u00e0 vos id\u00e9es en alliant esth\u00e9tique et efficacit\u00e9.\" \/>\n<meta name=\"robots\" content=\"index, follow, max-snippet:-1, max-image-preview:large, max-video-preview:-1\" \/>\n<link rel=\"canonical\" href=\"https:\/\/lauraelbe.com\/index.php\/accueil\/\" \/>\n<meta property=\"og:locale\" content=\"en_US\" \/>\n<meta property=\"og:type\" content=\"article\" \/>\n<meta property=\"og:title\" content=\"Accueil - Charg\u00e9e de projets multim\u00e9dias\" \/>\n<meta property=\"og:description\" content=\"Cr\u00e9atrice de contenu passionn\u00e9e par le pouvoir des images et des exp\u00e9riences, je donne vie \u00e0 vos id\u00e9es en alliant esth\u00e9tique et efficacit\u00e9.\" \/>\n<meta property=\"og:url\" content=\"https:\/\/lauraelbe.com\/index.php\/accueil\/\" \/>\n<meta property=\"og:site_name\" content=\"Charg\u00e9e de projets multim\u00e9dias\" \/>\n<meta property=\"article:modified_time\" content=\"2025-08-17T08:40:23+00:00\" \/>\n<meta property=\"og:image\" content=\"http:\/\/lauraelbe.com\/wp-content\/uploads\/2024\/09\/IMG_7806-scaled-e1726752056883.jpg\" \/>\n<meta name=\"twitter:card\" content=\"summary_large_image\" \/>\n<meta name=\"twitter:label1\" content=\"Est. reading time\" \/>\n\t<meta name=\"twitter:data1\" content=\"3 minutes\" \/>\n<script type=\"application\/ld+json\" class=\"yoast-schema-graph\">{\"@context\":\"https:\/\/schema.org\",\"@graph\":[{\"@type\":\"WebPage\",\"@id\":\"https:\/\/lauraelbe.com\/index.php\/accueil\/\",\"url\":\"https:\/\/lauraelbe.com\/index.php\/accueil\/\",\"name\":\"Accueil - Charg\u00e9e de projets multim\u00e9dias\",\"isPartOf\":{\"@id\":\"https:\/\/lauraelbe.com\/#website\"},\"primaryImageOfPage\":{\"@id\":\"https:\/\/lauraelbe.com\/index.php\/accueil\/#primaryimage\"},\"image\":{\"@id\":\"https:\/\/lauraelbe.com\/index.php\/accueil\/#primaryimage\"},\"thumbnailUrl\":\"http:\/\/lauraelbe.com\/wp-content\/uploads\/2024\/09\/IMG_7806-scaled-e1726752056883.jpg\",\"datePublished\":\"2024-10-05T10:12:28+00:00\",\"dateModified\":\"2025-08-17T08:40:23+00:00\",\"description\":\"Cr\u00e9atrice de contenu passionn\u00e9e par le pouvoir des images et des exp\u00e9riences, je donne vie \u00e0 vos id\u00e9es en alliant esth\u00e9tique et efficacit\u00e9.\",\"breadcrumb\":{\"@id\":\"https:\/\/lauraelbe.com\/index.php\/accueil\/#breadcrumb\"},\"inLanguage\":\"en-US\",\"potentialAction\":[{\"@type\":\"ReadAction\",\"target\":[\"https:\/\/lauraelbe.com\/index.php\/accueil\/\"]}]},{\"@type\":\"ImageObject\",\"inLanguage\":\"en-US\",\"@id\":\"https:\/\/lauraelbe.com\/index.php\/accueil\/#primaryimage\",\"url\":\"https:\/\/lauraelbe.com\/wp-content\/uploads\/2024\/09\/IMG_7806-scaled-e1726752056883.jpg\",\"contentUrl\":\"https:\/\/lauraelbe.com\/wp-content\/uploads\/2024\/09\/IMG_7806-scaled-e1726752056883.jpg\",\"width\":1920,\"height\":1894},{\"@type\":\"BreadcrumbList\",\"@id\":\"https:\/\/lauraelbe.com\/index.php\/accueil\/#breadcrumb\",\"itemListElement\":[{\"@type\":\"ListItem\",\"position\":1,\"name\":\"Accueil\",\"item\":\"https:\/\/lauraelbe.com\/\"},{\"@type\":\"ListItem\",\"position\":2,\"name\":\"Accueil\"}]},{\"@type\":\"WebSite\",\"@id\":\"https:\/\/lauraelbe.com\/#website\",\"url\":\"https:\/\/lauraelbe.com\/\",\"name\":\"Laura elbe\",\"description\":\"\",\"publisher\":{\"@id\":\"https:\/\/lauraelbe.com\/#\/schema\/person\/41df492673f68599e3b598ab73c7612c\"},\"potentialAction\":[{\"@type\":\"SearchAction\",\"target\":{\"@type\":\"EntryPoint\",\"urlTemplate\":\"https:\/\/lauraelbe.com\/?s={search_term_string}\"},\"query-input\":{\"@type\":\"PropertyValueSpecification\",\"valueRequired\":true,\"valueName\":\"search_term_string\"}}],\"inLanguage\":\"en-US\"},{\"@type\":[\"Person\",\"Organization\"],\"@id\":\"https:\/\/lauraelbe.com\/#\/schema\/person\/41df492673f68599e3b598ab73c7612c\",\"name\":\"laura\",\"image\":{\"@type\":\"ImageObject\",\"inLanguage\":\"en-US\",\"@id\":\"https:\/\/lauraelbe.com\/#\/schema\/person\/image\/\",\"url\":\"https:\/\/lauraelbe.com\/wp-content\/uploads\/2025\/09\/Lauraelbe-LOGO-06-edited-1-scaled.png\",\"contentUrl\":\"https:\/\/lauraelbe.com\/wp-content\/uploads\/2025\/09\/Lauraelbe-LOGO-06-edited-1-scaled.png\",\"width\":2560,\"height\":1440,\"caption\":\"laura\"},\"logo\":{\"@id\":\"https:\/\/lauraelbe.com\/#\/schema\/person\/image\/\"},\"sameAs\":[\"http:\/\/lauraelbe.com\"]}]}<\/script>\n<!-- \/ Yoast SEO plugin. -->","yoast_head_json":{"title":"Accueil - Charg\u00e9e de projets multim\u00e9dias","description":"Cr\u00e9atrice de contenu passionn\u00e9e par le pouvoir des images et des exp\u00e9riences, je donne vie \u00e0 vos id\u00e9es en alliant esth\u00e9tique et efficacit\u00e9.","robots":{"index":"index","follow":"follow","max-snippet":"max-snippet:-1","max-image-preview":"max-image-preview:large","max-video-preview":"max-video-preview:-1"},"canonical":"https:\/\/lauraelbe.com\/index.php\/accueil\/","og_locale":"en_US","og_type":"article","og_title":"Accueil - Charg\u00e9e de projets multim\u00e9dias","og_description":"Cr\u00e9atrice de contenu passionn\u00e9e par le pouvoir des images et des exp\u00e9riences, je donne vie \u00e0 vos id\u00e9es en alliant esth\u00e9tique et efficacit\u00e9.","og_url":"https:\/\/lauraelbe.com\/index.php\/accueil\/","og_site_name":"Charg\u00e9e de projets multim\u00e9dias","article_modified_time":"2025-08-17T08:40:23+00:00","og_image":[{"url":"http:\/\/lauraelbe.com\/wp-content\/uploads\/2024\/09\/IMG_7806-scaled-e1726752056883.jpg","type":"","width":"","height":""}],"twitter_card":"summary_large_image","twitter_misc":{"Est. reading time":"3 minutes"},"schema":{"@context":"https:\/\/schema.org","@graph":[{"@type":"WebPage","@id":"https:\/\/lauraelbe.com\/index.php\/accueil\/","url":"https:\/\/lauraelbe.com\/index.php\/accueil\/","name":"Accueil - Charg\u00e9e de projets multim\u00e9dias","isPartOf":{"@id":"https:\/\/lauraelbe.com\/#website"},"primaryImageOfPage":{"@id":"https:\/\/lauraelbe.com\/index.php\/accueil\/#primaryimage"},"image":{"@id":"https:\/\/lauraelbe.com\/index.php\/accueil\/#primaryimage"},"thumbnailUrl":"http:\/\/lauraelbe.com\/wp-content\/uploads\/2024\/09\/IMG_7806-scaled-e1726752056883.jpg","datePublished":"2024-10-05T10:12:28+00:00","dateModified":"2025-08-17T08:40:23+00:00","description":"Cr\u00e9atrice de contenu passionn\u00e9e par le pouvoir des images et des exp\u00e9riences, je donne vie \u00e0 vos id\u00e9es en alliant esth\u00e9tique et efficacit\u00e9.","breadcrumb":{"@id":"https:\/\/lauraelbe.com\/index.php\/accueil\/#breadcrumb"},"inLanguage":"en-US","potentialAction":[{"@type":"ReadAction","target":["https:\/\/lauraelbe.com\/index.php\/accueil\/"]}]},{"@type":"ImageObject","inLanguage":"en-US","@id":"https:\/\/lauraelbe.com\/index.php\/accueil\/#primaryimage","url":"https:\/\/lauraelbe.com\/wp-content\/uploads\/2024\/09\/IMG_7806-scaled-e1726752056883.jpg","contentUrl":"https:\/\/lauraelbe.com\/wp-content\/uploads\/2024\/09\/IMG_7806-scaled-e1726752056883.jpg","width":1920,"height":1894},{"@type":"BreadcrumbList","@id":"https:\/\/lauraelbe.com\/index.php\/accueil\/#breadcrumb","itemListElement":[{"@type":"ListItem","position":1,"name":"Accueil","item":"https:\/\/lauraelbe.com\/"},{"@type":"ListItem","position":2,"name":"Accueil"}]},{"@type":"WebSite","@id":"https:\/\/lauraelbe.com\/#website","url":"https:\/\/lauraelbe.com\/","name":"Laura elbe","description":"","publisher":{"@id":"https:\/\/lauraelbe.com\/#\/schema\/person\/41df492673f68599e3b598ab73c7612c"},"potentialAction":[{"@type":"SearchAction","target":{"@type":"EntryPoint","urlTemplate":"https:\/\/lauraelbe.com\/?s={search_term_string}"},"query-input":{"@type":"PropertyValueSpecification","valueRequired":true,"valueName":"search_term_string"}}],"inLanguage":"en-US"},{"@type":["Person","Organization"],"@id":"https:\/\/lauraelbe.com\/#\/schema\/person\/41df492673f68599e3b598ab73c7612c","name":"laura","image":{"@type":"ImageObject","inLanguage":"en-US","@id":"https:\/\/lauraelbe.com\/#\/schema\/person\/image\/","url":"https:\/\/lauraelbe.com\/wp-content\/uploads\/2025\/09\/Lauraelbe-LOGO-06-edited-1-scaled.png","contentUrl":"https:\/\/lauraelbe.com\/wp-content\/uploads\/2025\/09\/Lauraelbe-LOGO-06-edited-1-scaled.png","width":2560,"height":1440,"caption":"laura"},"logo":{"@id":"https:\/\/lauraelbe.com\/#\/schema\/person\/image\/"},"sameAs":["http:\/\/lauraelbe.com"]}]}},"_links":{"self":[{"href":"https:\/\/lauraelbe.com\/index.php\/wp-json\/wp\/v2\/pages\/243","targetHints":{"allow":["GET"]}}],"collection":[{"href":"https:\/\/lauraelbe.com\/index.php\/wp-json\/wp\/v2\/pages"}],"about":[{"href":"https:\/\/lauraelbe.com\/index.php\/wp-json\/wp\/v2\/types\/page"}],"author":[{"embeddable":true,"href":"https:\/\/lauraelbe.com\/index.php\/wp-json\/wp\/v2\/users\/1"}],"replies":[{"embeddable":true,"href":"https:\/\/lauraelbe.com\/index.php\/wp-json\/wp\/v2\/comments?post=243"}],"version-history":[{"count":4,"href":"https:\/\/lauraelbe.com\/index.php\/wp-json\/wp\/v2\/pages\/243\/revisions"}],"predecessor-version":[{"id":512,"href":"https:\/\/lauraelbe.com\/index.php\/wp-json\/wp\/v2\/pages\/243\/revisions\/512"}],"wp:attachment":[{"href":"https:\/\/lauraelbe.com\/index.php\/wp-json\/wp\/v2\/media?parent=243"}],"curies":[{"name":"wp","href":"https:\/\/api.w.org\/{rel}","templated":true}]}}