{"id":156,"date":"2024-09-20T00:17:17","date_gmt":"2024-09-19T22:17:17","guid":{"rendered":"http:\/\/lauraelbe.com\/?page_id=156"},"modified":"2024-09-20T00:17:17","modified_gmt":"2024-09-19T22:17:17","slug":"mes-inspirations","status":"publish","type":"page","link":"https:\/\/lauraelbe.com\/index.php\/mes-inspirations\/","title":{"rendered":"Mes inspirations"},"content":{"rendered":"\n<div class=\"wp-block-group alignfull has-global-padding is-layout-constrained wp-block-group-is-layout-constrained\">\n<p class=\"has-medium-font-size\">Ma principale source d&#8217;inspiration est la nature, et plus particuli\u00e8rement le monde marin, qui me fascine par sa beaut\u00e9 et sa diversit\u00e9. J&#8217;y puise des id\u00e9es pour mes cr\u00e9ations en jouant avec les formes, les textures et les couleurs. Le cin\u00e9ma et le monde du divertissement, tels que les mus\u00e9es, l&#8217;architecture, la musique et les festivals, alimentent \u00e9galement mon imagination. Enfin, le style &#8220;tropical modernism&#8221;, avec son \u00e9l\u00e9gance naturelle et ses influences exotiques, est une grande source d&#8217;inspiration pour mes projets.<\/p>\n<\/div>\n\n\n\n<div class=\"wp-block-group alignfull has-background is-layout-flow wp-block-group-is-layout-flow\" style=\"background-color:#f5eac1;padding-top:4vw;padding-right:6vw;padding-bottom:4vw;padding-left:6vw\">\n<h2 class=\"wp-block-heading\">Tropical Modernism &amp; Mid-Century<\/h2>\n\n\n\n<div style=\"height:1vw\" aria-hidden=\"true\" class=\"wp-block-spacer\"><\/div>\n\n\n\n<div class=\"wp-block-group alignwide is-vertical is-nowrap is-layout-flex wp-container-core-group-is-layout-7946b6b8 wp-block-group-is-layout-flex\" style=\"padding-top:0;padding-right:0;padding-bottom:0;padding-left:0\">\n<div class=\"wp-block-columns alignwide is-layout-flex wp-container-core-columns-is-layout-21b20327 wp-block-columns-is-layout-flex\">\n<div class=\"wp-block-column is-layout-flow wp-block-column-is-layout-flow\" style=\"flex-basis:33.38%\">\n<p class=\"has-text-color\" style=\"color:#000000;font-size:clamp(14px, 0.875rem + ((1vw - 3.2px) * 0.313), 17px);\">Le style\u00a0Tropical Modernism\u00a0fusionne l&#8217;\u00e9l\u00e9gance minimaliste du modernisme avec la chaleur et l&#8217;exotisme des environnements tropicaux. Ce courant me fascine pour sa capacit\u00e9 \u00e0 int\u00e9grer harmonieusement l&#8217;architecture dans la nature, en utilisant des mat\u00e9riaux locaux et des espaces ouverts. Le\u00a0Mid-Century Modern\u00a0compl\u00e8te cette influence avec ses lignes \u00e9pur\u00e9es, ses formes organiques et ses palettes de couleurs vives, cr\u00e9ant un \u00e9quilibre parfait entre esth\u00e9tique et fonctionnalit\u00e9.<\/p>\n<\/div>\n\n\n\n<div class=\"wp-block-column is-layout-flow wp-block-column-is-layout-flow\" style=\"flex-basis:33%\">\n<div style=\"height:2vw\" aria-hidden=\"true\" class=\"wp-block-spacer\"><\/div>\n\n\n\n<figure class=\"wp-block-image size-full\"><img fetchpriority=\"high\" decoding=\"async\" width=\"736\" height=\"920\" src=\"http:\/\/lauraelbe.com\/wp-content\/uploads\/2024\/09\/11.jpeg\" alt=\"\" class=\"wp-image-161\" srcset=\"https:\/\/lauraelbe.com\/wp-content\/uploads\/2024\/09\/11.jpeg 736w, https:\/\/lauraelbe.com\/wp-content\/uploads\/2024\/09\/11-240x300.jpeg 240w\" sizes=\"(max-width: 736px) 100vw, 736px\" \/><\/figure>\n<\/div>\n\n\n\n<div class=\"wp-block-column is-layout-flow wp-block-column-is-layout-flow\" style=\"flex-basis:33.62%\">\n<figure class=\"wp-block-image size-full\"><img decoding=\"async\" width=\"736\" height=\"1019\" src=\"http:\/\/lauraelbe.com\/wp-content\/uploads\/2024\/09\/11-copie.jpeg\" alt=\"\" class=\"wp-image-168\" srcset=\"https:\/\/lauraelbe.com\/wp-content\/uploads\/2024\/09\/11-copie.jpeg 736w, https:\/\/lauraelbe.com\/wp-content\/uploads\/2024\/09\/11-copie-217x300.jpeg 217w\" sizes=\"(max-width: 736px) 100vw, 736px\" \/><\/figure>\n<\/div>\n<\/div>\n\n\n\n<div class=\"wp-block-columns alignwide is-layout-flex wp-container-core-columns-is-layout-c24efe4f wp-block-columns-is-layout-flex\">\n<div class=\"wp-block-column is-vertically-aligned-center is-layout-flow wp-block-column-is-layout-flow\" style=\"flex-basis:33%\">\n<div style=\"height:2vw\" aria-hidden=\"true\" class=\"wp-block-spacer\"><\/div>\n<\/div>\n<\/div>\n<\/div>\n<\/div>\n\n\n\n<div class=\"wp-block-group alignfull has-accent-4-background-color has-background is-layout-flow wp-block-group-is-layout-flow\" style=\"padding-top:4vw;padding-right:6vw;padding-bottom:4vw;padding-left:6vw\">\n<h2 class=\"wp-block-heading\">Le monde marin<\/h2>\n\n\n\n<div style=\"height:1vw\" aria-hidden=\"true\" class=\"wp-block-spacer\"><\/div>\n\n\n\n<div class=\"wp-block-group alignwide is-vertical is-nowrap is-layout-flex wp-container-core-group-is-layout-7946b6b8 wp-block-group-is-layout-flex\" style=\"padding-top:0;padding-right:0;padding-bottom:0;padding-left:0\">\n<div class=\"wp-block-columns alignwide is-layout-flex wp-container-core-columns-is-layout-21b20327 wp-block-columns-is-layout-flex\">\n<div class=\"wp-block-column is-layout-flow wp-block-column-is-layout-flow\" style=\"flex-basis:33.38%\">\n<p class=\"has-text-color\" style=\"color:#000000;font-size:clamp(14px, 0.875rem + ((1vw - 3.2px) * 0.313), 17px);\">Le monde marin est l&#8217;une de mes plus grandes sources d&#8217;inspiration. Sa beaut\u00e9 myst\u00e9rieuse, sa diversit\u00e9 et son immensit\u00e9 me passionnent, me font r\u00eaver et m&#8217;apportent un sentiment de s\u00e9r\u00e9nit\u00e9. Que ce soit \u00e0 travers les formes organiques, les teintes profondes ou la fluidit\u00e9 des mouvements, l&#8217;oc\u00e9an influence mon travail cr\u00e9atif en me reconnectant \u00e0 la nature et \u00e0 des sensations apaisantes.<\/p>\n<\/div>\n\n\n\n<div class=\"wp-block-column is-layout-flow wp-block-column-is-layout-flow\" style=\"flex-basis:33%\">\n<div style=\"height:2vw\" aria-hidden=\"true\" class=\"wp-block-spacer\"><\/div>\n\n\n\n<figure class=\"wp-block-image size-full\"><img decoding=\"async\" width=\"736\" height=\"1147\" src=\"http:\/\/lauraelbe.com\/wp-content\/uploads\/2024\/09\/Shark-wallpaper-1.jpeg\" alt=\"\" class=\"wp-image-174\" srcset=\"https:\/\/lauraelbe.com\/wp-content\/uploads\/2024\/09\/Shark-wallpaper-1.jpeg 736w, https:\/\/lauraelbe.com\/wp-content\/uploads\/2024\/09\/Shark-wallpaper-1-193x300.jpeg 193w, https:\/\/lauraelbe.com\/wp-content\/uploads\/2024\/09\/Shark-wallpaper-1-657x1024.jpeg 657w\" sizes=\"(max-width: 736px) 100vw, 736px\" \/><\/figure>\n<\/div>\n\n\n\n<div class=\"wp-block-column is-layout-flow wp-block-column-is-layout-flow\" style=\"flex-basis:33.62%\">\n<figure class=\"wp-block-image size-full\"><img loading=\"lazy\" decoding=\"async\" width=\"736\" height=\"981\" src=\"http:\/\/lauraelbe.com\/wp-content\/uploads\/2024\/09\/Seashell-bowl-by-the-pool.jpeg\" alt=\"\" class=\"wp-image-175\" srcset=\"https:\/\/lauraelbe.com\/wp-content\/uploads\/2024\/09\/Seashell-bowl-by-the-pool.jpeg 736w, https:\/\/lauraelbe.com\/wp-content\/uploads\/2024\/09\/Seashell-bowl-by-the-pool-225x300.jpeg 225w\" sizes=\"(max-width: 736px) 100vw, 736px\" \/><\/figure>\n<\/div>\n<\/div>\n\n\n\n<div class=\"wp-block-columns alignwide is-layout-flex wp-container-core-columns-is-layout-c24efe4f wp-block-columns-is-layout-flex\">\n<div class=\"wp-block-column is-vertically-aligned-center is-layout-flow wp-block-column-is-layout-flow\" style=\"flex-basis:33%\">\n<div style=\"height:2vw\" aria-hidden=\"true\" class=\"wp-block-spacer\"><\/div>\n<\/div>\n<\/div>\n<\/div>\n<\/div>\n\n\n\n<div class=\"wp-block-group alignfull has-base-2-background-color has-background is-layout-flow wp-block-group-is-layout-flow\" style=\"padding-top:0vw;padding-right:6vw;padding-bottom:0vw;padding-left:6vw\">\n<div class=\"wp-block-group alignwide is-vertical is-nowrap is-layout-flex wp-container-core-group-is-layout-7946b6b8 wp-block-group-is-layout-flex\" style=\"padding-top:0;padding-right:0;padding-bottom:0;padding-left:0\">\n<div class=\"wp-block-columns alignwide is-layout-flex wp-container-core-columns-is-layout-c24efe4f wp-block-columns-is-layout-flex\">\n<div class=\"wp-block-column is-layout-flow wp-block-column-is-layout-flow\" style=\"flex-basis:69%\">\n<figure class=\"wp-block-image size-full\"><img loading=\"lazy\" decoding=\"async\" width=\"735\" height=\"490\" src=\"http:\/\/lauraelbe.com\/wp-content\/uploads\/2024\/09\/11-copie-2.jpeg\" alt=\"\" class=\"wp-image-169\" srcset=\"https:\/\/lauraelbe.com\/wp-content\/uploads\/2024\/09\/11-copie-2.jpeg 735w, https:\/\/lauraelbe.com\/wp-content\/uploads\/2024\/09\/11-copie-2-300x200.jpeg 300w\" sizes=\"(max-width: 735px) 100vw, 735px\" \/><\/figure>\n<\/div>\n\n\n\n<div class=\"wp-block-column is-vertically-aligned-center is-layout-flow wp-block-column-is-layout-flow\" style=\"flex-basis:33%\">\n<div style=\"height:2vw\" aria-hidden=\"true\" class=\"wp-block-spacer\"><\/div>\n\n\n\n<h2 class=\"wp-block-heading\">James Turrell<\/h2>\n\n\n\n<p class=\"has-text-color\" style=\"color:#000000;font-size:clamp(14px, 0.875rem + ((1vw - 3.2px) * 0.313), 17px);\">L&#8217;artiste James Turrell m&#8217;inspire profond\u00e9ment par son approche unique de la lumi\u00e8re en tant qu&#8217;outil th\u00e9rapeutique. Ses \u0153uvres immersives jouent avec les perceptions de l&#8217;espace et de la lumi\u00e8re, cr\u00e9ant des environnements m\u00e9ditatifs o\u00f9 la lumi\u00e8re devient une exp\u00e9rience \u00e9motionnelle et sensorielle. Son travail explore l&#8217;interaction entre la lumi\u00e8re, l&#8217;espace et la conscience, et influence ma propre approche de la cr\u00e9ation visuelle.<\/p>\n<\/div>\n<\/div>\n<\/div>\n<\/div>\n\n\n\n<div class=\"wp-block-group alignfull has-background is-layout-flow wp-block-group-is-layout-flow\" style=\"background-color:#f5eac1;padding-top:4vw;padding-right:6vw;padding-bottom:4vw;padding-left:6vw\">\n<h2 class=\"wp-block-heading\">Lemonade <\/h2>\n\n\n\n<div style=\"height:1vw\" aria-hidden=\"true\" class=\"wp-block-spacer\"><\/div>\n\n\n\n<div class=\"wp-block-group alignwide is-vertical is-nowrap is-layout-flex wp-container-core-group-is-layout-7946b6b8 wp-block-group-is-layout-flex\" style=\"padding-top:0;padding-right:0;padding-bottom:0;padding-left:0\">\n<div class=\"wp-block-columns alignwide is-layout-flex wp-container-core-columns-is-layout-21b20327 wp-block-columns-is-layout-flex\">\n<div class=\"wp-block-column is-layout-flow wp-block-column-is-layout-flow\" style=\"flex-basis:33.38%\">\n<p class=\"has-text-color\" style=\"color:#000000;font-size:clamp(14px, 0.875rem + ((1vw - 3.2px) * 0.313), 17px);\">Le film\u00a0<em>Lemonade<\/em>\u00a0de Beyonc\u00e9 est une source d&#8217;inspiration majeure pour moi, notamment pour sa direction artistique audacieuse et ses choix visuels percutants. Chaque sc\u00e8ne est soigneusement construite pour allier esth\u00e9tique et narration, avec des r\u00e9f\u00e9rences culturelles et historiques fortes. Ce m\u00e9lange de symbolisme, de couleurs et d&#8217;\u00e9motions brutes m&#8217;influence particuli\u00e8rement dans ma fa\u00e7on de raconter des histoires \u00e0 travers l&#8217;image et le design.<\/p>\n<\/div>\n\n\n\n<div class=\"wp-block-column is-layout-flow wp-block-column-is-layout-flow\" style=\"flex-basis:33%\">\n<div style=\"height:2vw\" aria-hidden=\"true\" class=\"wp-block-spacer\"><\/div>\n\n\n\n<figure class=\"wp-block-image size-full\"><img loading=\"lazy\" decoding=\"async\" width=\"736\" height=\"895\" src=\"http:\/\/lauraelbe.com\/wp-content\/uploads\/2024\/09\/11-copie-3.jpeg\" alt=\"\" class=\"wp-image-170\" srcset=\"https:\/\/lauraelbe.com\/wp-content\/uploads\/2024\/09\/11-copie-3.jpeg 736w, https:\/\/lauraelbe.com\/wp-content\/uploads\/2024\/09\/11-copie-3-247x300.jpeg 247w\" sizes=\"(max-width: 736px) 100vw, 736px\" \/><\/figure>\n<\/div>\n\n\n\n<div class=\"wp-block-column is-layout-flow wp-block-column-is-layout-flow\" style=\"flex-basis:33.62%\">\n<figure class=\"wp-block-image size-full\"><img loading=\"lazy\" decoding=\"async\" width=\"736\" height=\"552\" src=\"http:\/\/lauraelbe.com\/wp-content\/uploads\/2024\/09\/Beyonce-Lemonade-Album-Digital-Booklet-Hold-Up.jpeg\" alt=\"\" class=\"wp-image-171\" srcset=\"https:\/\/lauraelbe.com\/wp-content\/uploads\/2024\/09\/Beyonce-Lemonade-Album-Digital-Booklet-Hold-Up.jpeg 736w, https:\/\/lauraelbe.com\/wp-content\/uploads\/2024\/09\/Beyonce-Lemonade-Album-Digital-Booklet-Hold-Up-300x225.jpeg 300w\" sizes=\"(max-width: 736px) 100vw, 736px\" \/><\/figure>\n<\/div>\n<\/div>\n\n\n\n<div class=\"wp-block-columns alignwide is-layout-flex wp-container-core-columns-is-layout-c24efe4f wp-block-columns-is-layout-flex\">\n<div class=\"wp-block-column is-vertically-aligned-center is-layout-flow wp-block-column-is-layout-flow\" style=\"flex-basis:33%\">\n<div style=\"height:2vw\" aria-hidden=\"true\" class=\"wp-block-spacer\"><\/div>\n<\/div>\n<\/div>\n<\/div>\n<\/div>\n\n\n\n<div class=\"wp-block-group alignfull has-base-2-background-color has-background is-layout-flow wp-block-group-is-layout-flow\" style=\"padding-top:0vw;padding-right:6vw;padding-bottom:0vw;padding-left:6vw\">\n<div class=\"wp-block-group alignwide is-vertical is-nowrap is-layout-flex wp-container-core-group-is-layout-7946b6b8 wp-block-group-is-layout-flex\" style=\"padding-top:0;padding-right:0;padding-bottom:0;padding-left:0\">\n<div class=\"wp-block-columns alignwide is-layout-flex wp-container-core-columns-is-layout-c24efe4f wp-block-columns-is-layout-flex\">\n<div class=\"wp-block-column is-layout-flow wp-block-column-is-layout-flow\" style=\"flex-basis:69%\">\n<figure class=\"wp-block-image size-full\"><img loading=\"lazy\" decoding=\"async\" width=\"620\" height=\"372\" src=\"http:\/\/lauraelbe.com\/wp-content\/uploads\/2024\/09\/No_.jpeg\" alt=\"\" class=\"wp-image-172\" style=\"aspect-ratio:4\/3;object-fit:cover\" srcset=\"https:\/\/lauraelbe.com\/wp-content\/uploads\/2024\/09\/No_.jpeg 620w, https:\/\/lauraelbe.com\/wp-content\/uploads\/2024\/09\/No_-300x180.jpeg 300w\" sizes=\"(max-width: 620px) 100vw, 620px\" \/><\/figure>\n\n\n\n<figure class=\"wp-block-image size-full\"><img loading=\"lazy\" decoding=\"async\" width=\"735\" height=\"552\" src=\"http:\/\/lauraelbe.com\/wp-content\/uploads\/2024\/09\/11-copie-4.jpeg\" alt=\"\" class=\"wp-image-173\" style=\"aspect-ratio:4\/3;object-fit:cover\" srcset=\"https:\/\/lauraelbe.com\/wp-content\/uploads\/2024\/09\/11-copie-4.jpeg 735w, https:\/\/lauraelbe.com\/wp-content\/uploads\/2024\/09\/11-copie-4-300x225.jpeg 300w\" sizes=\"(max-width: 735px) 100vw, 735px\" \/><\/figure>\n<\/div>\n\n\n\n<div class=\"wp-block-column is-vertically-aligned-center is-layout-flow wp-block-column-is-layout-flow\" style=\"flex-basis:33%\">\n<div style=\"height:2vw\" aria-hidden=\"true\" class=\"wp-block-spacer\"><\/div>\n\n\n\n<h2 class=\"wp-block-heading\">Jordan Peele<\/h2>\n\n\n\n<p class=\"has-text-color\" style=\"color:#000000;font-size:clamp(14px, 0.875rem + ((1vw - 3.2px) * 0.313), 17px);\">Le r\u00e9alisateur Jordan Peele se distingue par son style d&#8217;image unique, qui allie habilement tension, r\u00e9alisme et esth\u00e9tique visuelle saisissante. Ses films, tels que\u00a0<em>Get Out<\/em>\u00a0et\u00a0<em>Nope<\/em>, explorent des th\u00e8mes sociaux profonds \u00e0 travers une direction artistique m\u00e9ticuleuse et des compositions visuelles percutantes. La mani\u00e8re dont Peele utilise les couleurs, les \u00e9clairages et les cadrages cr\u00e9e des atmosph\u00e8res \u00e0 la fois captivantes et d\u00e9rangeantes, enrichissant l&#8217;exp\u00e9rience narrative tout en accentuant l&#8217;impact \u00e9motionnel. <\/p>\n\n\n\n<p class=\"has-text-color\" style=\"color:#000000;font-size:clamp(14px, 0.875rem + ((1vw - 3.2px) * 0.313), 17px);\">Son approche innovante et audacieuse inspire profond\u00e9ment mon travail, me poussant \u00e0 explorer les limites de la cr\u00e9ativit\u00e9 visuelle et \u00e0 int\u00e9grer des \u00e9l\u00e9ments de design qui suscitent une r\u00e9flexion et une \u00e9motion similaires.<\/p>\n<\/div>\n<\/div>\n<\/div>\n<\/div>\n","protected":false},"excerpt":{"rendered":"<p>Ma principale source d&#8217;inspiration est la nature, et plus particuli\u00e8rement le monde marin, qui me fascine par sa beaut\u00e9 et sa diversit\u00e9. J&#8217;y puise des id\u00e9es pour mes cr\u00e9ations en jouant avec les formes, les textures et les couleurs. Le cin\u00e9ma et le monde du divertissement, tels que les mus\u00e9es, l&#8217;architecture, la musique et les [&hellip;]<\/p>\n","protected":false},"author":1,"featured_media":0,"parent":0,"menu_order":0,"comment_status":"closed","ping_status":"closed","template":"","meta":{"_monsterinsights_skip_tracking":false,"_monsterinsights_sitenote_active":false,"_monsterinsights_sitenote_note":"","_monsterinsights_sitenote_category":0,"footnotes":""},"class_list":["post-156","page","type-page","status-publish","hentry"],"yoast_head":"<!-- This site is optimized with the Yoast SEO plugin v26.0 - https:\/\/yoast.com\/wordpress\/plugins\/seo\/ -->\n<title>Mes inspirations - Charg\u00e9e de projets multim\u00e9dias<\/title>\n<meta name=\"robots\" content=\"index, follow, max-snippet:-1, max-image-preview:large, max-video-preview:-1\" \/>\n<link rel=\"canonical\" href=\"https:\/\/lauraelbe.com\/index.php\/mes-inspirations\/\" \/>\n<meta property=\"og:locale\" content=\"en_US\" \/>\n<meta property=\"og:type\" content=\"article\" \/>\n<meta property=\"og:title\" content=\"Mes inspirations - Charg\u00e9e de projets multim\u00e9dias\" \/>\n<meta property=\"og:description\" content=\"Ma principale source d&#8217;inspiration est la nature, et plus particuli\u00e8rement le monde marin, qui me fascine par sa beaut\u00e9 et sa diversit\u00e9. J&#8217;y puise des id\u00e9es pour mes cr\u00e9ations en jouant avec les formes, les textures et les couleurs. Le cin\u00e9ma et le monde du divertissement, tels que les mus\u00e9es, l&#8217;architecture, la musique et les [&hellip;]\" \/>\n<meta property=\"og:url\" content=\"https:\/\/lauraelbe.com\/index.php\/mes-inspirations\/\" \/>\n<meta property=\"og:site_name\" content=\"Charg\u00e9e de projets multim\u00e9dias\" \/>\n<meta property=\"og:image\" content=\"http:\/\/lauraelbe.com\/wp-content\/uploads\/2024\/09\/11.jpeg\" \/>\n<meta name=\"twitter:card\" content=\"summary_large_image\" \/>\n<meta name=\"twitter:label1\" content=\"Est. reading time\" \/>\n\t<meta name=\"twitter:data1\" content=\"2 minutes\" \/>\n<script type=\"application\/ld+json\" class=\"yoast-schema-graph\">{\"@context\":\"https:\/\/schema.org\",\"@graph\":[{\"@type\":\"WebPage\",\"@id\":\"https:\/\/lauraelbe.com\/index.php\/mes-inspirations\/\",\"url\":\"https:\/\/lauraelbe.com\/index.php\/mes-inspirations\/\",\"name\":\"Mes inspirations - Charg\u00e9e de projets multim\u00e9dias\",\"isPartOf\":{\"@id\":\"https:\/\/lauraelbe.com\/#website\"},\"primaryImageOfPage\":{\"@id\":\"https:\/\/lauraelbe.com\/index.php\/mes-inspirations\/#primaryimage\"},\"image\":{\"@id\":\"https:\/\/lauraelbe.com\/index.php\/mes-inspirations\/#primaryimage\"},\"thumbnailUrl\":\"http:\/\/lauraelbe.com\/wp-content\/uploads\/2024\/09\/11.jpeg\",\"datePublished\":\"2024-09-19T22:17:17+00:00\",\"breadcrumb\":{\"@id\":\"https:\/\/lauraelbe.com\/index.php\/mes-inspirations\/#breadcrumb\"},\"inLanguage\":\"en-US\",\"potentialAction\":[{\"@type\":\"ReadAction\",\"target\":[\"https:\/\/lauraelbe.com\/index.php\/mes-inspirations\/\"]}]},{\"@type\":\"ImageObject\",\"inLanguage\":\"en-US\",\"@id\":\"https:\/\/lauraelbe.com\/index.php\/mes-inspirations\/#primaryimage\",\"url\":\"https:\/\/lauraelbe.com\/wp-content\/uploads\/2024\/09\/11.jpeg\",\"contentUrl\":\"https:\/\/lauraelbe.com\/wp-content\/uploads\/2024\/09\/11.jpeg\",\"width\":736,\"height\":920},{\"@type\":\"BreadcrumbList\",\"@id\":\"https:\/\/lauraelbe.com\/index.php\/mes-inspirations\/#breadcrumb\",\"itemListElement\":[{\"@type\":\"ListItem\",\"position\":1,\"name\":\"Accueil\",\"item\":\"https:\/\/lauraelbe.com\/\"},{\"@type\":\"ListItem\",\"position\":2,\"name\":\"Mes inspirations\"}]},{\"@type\":\"WebSite\",\"@id\":\"https:\/\/lauraelbe.com\/#website\",\"url\":\"https:\/\/lauraelbe.com\/\",\"name\":\"Laura elbe\",\"description\":\"\",\"publisher\":{\"@id\":\"https:\/\/lauraelbe.com\/#\/schema\/person\/41df492673f68599e3b598ab73c7612c\"},\"potentialAction\":[{\"@type\":\"SearchAction\",\"target\":{\"@type\":\"EntryPoint\",\"urlTemplate\":\"https:\/\/lauraelbe.com\/?s={search_term_string}\"},\"query-input\":{\"@type\":\"PropertyValueSpecification\",\"valueRequired\":true,\"valueName\":\"search_term_string\"}}],\"inLanguage\":\"en-US\"},{\"@type\":[\"Person\",\"Organization\"],\"@id\":\"https:\/\/lauraelbe.com\/#\/schema\/person\/41df492673f68599e3b598ab73c7612c\",\"name\":\"laura\",\"image\":{\"@type\":\"ImageObject\",\"inLanguage\":\"en-US\",\"@id\":\"https:\/\/lauraelbe.com\/#\/schema\/person\/image\/\",\"url\":\"https:\/\/lauraelbe.com\/wp-content\/uploads\/2025\/09\/Lauraelbe-LOGO-06-edited-1-scaled.png\",\"contentUrl\":\"https:\/\/lauraelbe.com\/wp-content\/uploads\/2025\/09\/Lauraelbe-LOGO-06-edited-1-scaled.png\",\"width\":2560,\"height\":1440,\"caption\":\"laura\"},\"logo\":{\"@id\":\"https:\/\/lauraelbe.com\/#\/schema\/person\/image\/\"},\"sameAs\":[\"http:\/\/lauraelbe.com\"]}]}<\/script>\n<!-- \/ Yoast SEO plugin. -->","yoast_head_json":{"title":"Mes inspirations - Charg\u00e9e de projets multim\u00e9dias","robots":{"index":"index","follow":"follow","max-snippet":"max-snippet:-1","max-image-preview":"max-image-preview:large","max-video-preview":"max-video-preview:-1"},"canonical":"https:\/\/lauraelbe.com\/index.php\/mes-inspirations\/","og_locale":"en_US","og_type":"article","og_title":"Mes inspirations - Charg\u00e9e de projets multim\u00e9dias","og_description":"Ma principale source d&#8217;inspiration est la nature, et plus particuli\u00e8rement le monde marin, qui me fascine par sa beaut\u00e9 et sa diversit\u00e9. J&#8217;y puise des id\u00e9es pour mes cr\u00e9ations en jouant avec les formes, les textures et les couleurs. Le cin\u00e9ma et le monde du divertissement, tels que les mus\u00e9es, l&#8217;architecture, la musique et les [&hellip;]","og_url":"https:\/\/lauraelbe.com\/index.php\/mes-inspirations\/","og_site_name":"Charg\u00e9e de projets multim\u00e9dias","og_image":[{"url":"http:\/\/lauraelbe.com\/wp-content\/uploads\/2024\/09\/11.jpeg","type":"","width":"","height":""}],"twitter_card":"summary_large_image","twitter_misc":{"Est. reading time":"2 minutes"},"schema":{"@context":"https:\/\/schema.org","@graph":[{"@type":"WebPage","@id":"https:\/\/lauraelbe.com\/index.php\/mes-inspirations\/","url":"https:\/\/lauraelbe.com\/index.php\/mes-inspirations\/","name":"Mes inspirations - Charg\u00e9e de projets multim\u00e9dias","isPartOf":{"@id":"https:\/\/lauraelbe.com\/#website"},"primaryImageOfPage":{"@id":"https:\/\/lauraelbe.com\/index.php\/mes-inspirations\/#primaryimage"},"image":{"@id":"https:\/\/lauraelbe.com\/index.php\/mes-inspirations\/#primaryimage"},"thumbnailUrl":"http:\/\/lauraelbe.com\/wp-content\/uploads\/2024\/09\/11.jpeg","datePublished":"2024-09-19T22:17:17+00:00","breadcrumb":{"@id":"https:\/\/lauraelbe.com\/index.php\/mes-inspirations\/#breadcrumb"},"inLanguage":"en-US","potentialAction":[{"@type":"ReadAction","target":["https:\/\/lauraelbe.com\/index.php\/mes-inspirations\/"]}]},{"@type":"ImageObject","inLanguage":"en-US","@id":"https:\/\/lauraelbe.com\/index.php\/mes-inspirations\/#primaryimage","url":"https:\/\/lauraelbe.com\/wp-content\/uploads\/2024\/09\/11.jpeg","contentUrl":"https:\/\/lauraelbe.com\/wp-content\/uploads\/2024\/09\/11.jpeg","width":736,"height":920},{"@type":"BreadcrumbList","@id":"https:\/\/lauraelbe.com\/index.php\/mes-inspirations\/#breadcrumb","itemListElement":[{"@type":"ListItem","position":1,"name":"Accueil","item":"https:\/\/lauraelbe.com\/"},{"@type":"ListItem","position":2,"name":"Mes inspirations"}]},{"@type":"WebSite","@id":"https:\/\/lauraelbe.com\/#website","url":"https:\/\/lauraelbe.com\/","name":"Laura elbe","description":"","publisher":{"@id":"https:\/\/lauraelbe.com\/#\/schema\/person\/41df492673f68599e3b598ab73c7612c"},"potentialAction":[{"@type":"SearchAction","target":{"@type":"EntryPoint","urlTemplate":"https:\/\/lauraelbe.com\/?s={search_term_string}"},"query-input":{"@type":"PropertyValueSpecification","valueRequired":true,"valueName":"search_term_string"}}],"inLanguage":"en-US"},{"@type":["Person","Organization"],"@id":"https:\/\/lauraelbe.com\/#\/schema\/person\/41df492673f68599e3b598ab73c7612c","name":"laura","image":{"@type":"ImageObject","inLanguage":"en-US","@id":"https:\/\/lauraelbe.com\/#\/schema\/person\/image\/","url":"https:\/\/lauraelbe.com\/wp-content\/uploads\/2025\/09\/Lauraelbe-LOGO-06-edited-1-scaled.png","contentUrl":"https:\/\/lauraelbe.com\/wp-content\/uploads\/2025\/09\/Lauraelbe-LOGO-06-edited-1-scaled.png","width":2560,"height":1440,"caption":"laura"},"logo":{"@id":"https:\/\/lauraelbe.com\/#\/schema\/person\/image\/"},"sameAs":["http:\/\/lauraelbe.com"]}]}},"_links":{"self":[{"href":"https:\/\/lauraelbe.com\/index.php\/wp-json\/wp\/v2\/pages\/156","targetHints":{"allow":["GET"]}}],"collection":[{"href":"https:\/\/lauraelbe.com\/index.php\/wp-json\/wp\/v2\/pages"}],"about":[{"href":"https:\/\/lauraelbe.com\/index.php\/wp-json\/wp\/v2\/types\/page"}],"author":[{"embeddable":true,"href":"https:\/\/lauraelbe.com\/index.php\/wp-json\/wp\/v2\/users\/1"}],"replies":[{"embeddable":true,"href":"https:\/\/lauraelbe.com\/index.php\/wp-json\/wp\/v2\/comments?post=156"}],"version-history":[{"count":2,"href":"https:\/\/lauraelbe.com\/index.php\/wp-json\/wp\/v2\/pages\/156\/revisions"}],"predecessor-version":[{"id":176,"href":"https:\/\/lauraelbe.com\/index.php\/wp-json\/wp\/v2\/pages\/156\/revisions\/176"}],"wp:attachment":[{"href":"https:\/\/lauraelbe.com\/index.php\/wp-json\/wp\/v2\/media?parent=156"}],"curies":[{"name":"wp","href":"https:\/\/api.w.org\/{rel}","templated":true}]}}