{"id":127,"date":"2024-09-19T23:03:29","date_gmt":"2024-09-19T21:03:29","guid":{"rendered":"http:\/\/lauraelbe.com\/?page_id=127"},"modified":"2024-10-12T11:58:31","modified_gmt":"2024-10-12T09:58:31","slug":"cv-graphiste-multimedia","status":"publish","type":"page","link":"https:\/\/lauraelbe.com\/index.php\/cv-graphiste-multimedia\/","title":{"rendered":"CV"},"content":{"rendered":"\n<div class=\"wp-block-group alignfull has-accent-4-background-color has-background is-vertical is-content-justification-center is-nowrap is-layout-flex wp-container-core-group-is-layout-9665e12e wp-block-group-is-layout-flex\" style=\"min-height:32vh;margin-top:0;margin-bottom:0;padding-top:var(--wp--preset--spacing--10);padding-right:var(--wp--preset--spacing--40);padding-bottom:var(--wp--preset--spacing--10);padding-left:var(--wp--preset--spacing--40)\">\n<div class=\"wp-block-columns alignwide are-vertically-aligned-center is-layout-flex wp-container-core-columns-is-layout-47c06fe3 wp-block-columns-is-layout-flex\">\n<div class=\"wp-block-column is-vertically-aligned-center is-layout-flow wp-block-column-is-layout-flow\" style=\"flex-basis:40%\">\n<div class=\"wp-block-group is-layout-flow wp-container-core-group-is-layout-8f7ed23f wp-block-group-is-layout-flow\" style=\"min-height:100%;margin-top:0;margin-bottom:0;padding-right:0;padding-left:0\">\n<h1 class=\"wp-block-heading has-text-align-right\" style=\"margin-right:0;margin-left:calc( var(--wp--preset--spacing--20) * -1);font-size:clamp(3.726rem, 3.726rem + ((1vw - 0.2rem) * 6.79), 7.8rem);line-height:1;writing-mode:vertical-rl\">LAURA BASTIANI<\/h1>\n\n\n\n<div class=\"wp-block-group has-global-padding is-content-justification-left is-layout-constrained wp-container-core-group-is-layout-0207514c wp-block-group-is-layout-constrained\" style=\"padding-right:0;padding-left:0\"><\/div>\n\n\n\n<p class=\"has-large-font-size wp-container-content-0733e5d0\">Suivez moi \ud83d\ude42 <\/p>\n\n\n\n<ul class=\"wp-block-social-links aligncenter has-large-icon-size is-style-pill-shape is-layout-flex wp-block-social-links-is-layout-flex\" style=\"margin-top:var(--wp--preset--spacing--10);margin-bottom:var(--wp--preset--spacing--10)\"><li class=\"wp-social-link wp-social-link-linkedin  wp-block-social-link\"><a href=\"https:\/\/www.linkedin.com\/in\/laura-bastiani-877742197\/\" class=\"wp-block-social-link-anchor\"><svg width=\"24\" height=\"24\" viewBox=\"0 0 24 24\" version=\"1.1\" xmlns=\"http:\/\/www.w3.org\/2000\/svg\" aria-hidden=\"true\" focusable=\"false\"><path d=\"M19.7,3H4.3C3.582,3,3,3.582,3,4.3v15.4C3,20.418,3.582,21,4.3,21h15.4c0.718,0,1.3-0.582,1.3-1.3V4.3 C21,3.582,20.418,3,19.7,3z M8.339,18.338H5.667v-8.59h2.672V18.338z M7.004,8.574c-0.857,0-1.549-0.694-1.549-1.548 c0-0.855,0.691-1.548,1.549-1.548c0.854,0,1.547,0.694,1.547,1.548C8.551,7.881,7.858,8.574,7.004,8.574z M18.339,18.338h-2.669 v-4.177c0-0.996-0.017-2.278-1.387-2.278c-1.389,0-1.601,1.086-1.601,2.206v4.249h-2.667v-8.59h2.559v1.174h0.037 c0.356-0.675,1.227-1.387,2.526-1.387c2.703,0,3.203,1.779,3.203,4.092V18.338z\"><\/path><\/svg><span class=\"wp-block-social-link-label screen-reader-text\">LinkedIn<\/span><\/a><\/li>\n\n<li class=\"wp-social-link wp-social-link-instagram  wp-block-social-link\"><a href=\"https:\/\/www.instagram.com\/lauraelbe.crea?utm_source=ig_web_button_share_sheet&#038;igsh=ZDNlZDc0MzIxNw==\" class=\"wp-block-social-link-anchor\"><svg width=\"24\" height=\"24\" viewBox=\"0 0 24 24\" version=\"1.1\" xmlns=\"http:\/\/www.w3.org\/2000\/svg\" aria-hidden=\"true\" focusable=\"false\"><path d=\"M12,4.622c2.403,0,2.688,0.009,3.637,0.052c0.877,0.04,1.354,0.187,1.671,0.31c0.42,0.163,0.72,0.358,1.035,0.673 c0.315,0.315,0.51,0.615,0.673,1.035c0.123,0.317,0.27,0.794,0.31,1.671c0.043,0.949,0.052,1.234,0.052,3.637 s-0.009,2.688-0.052,3.637c-0.04,0.877-0.187,1.354-0.31,1.671c-0.163,0.42-0.358,0.72-0.673,1.035 c-0.315,0.315-0.615,0.51-1.035,0.673c-0.317,0.123-0.794,0.27-1.671,0.31c-0.949,0.043-1.233,0.052-3.637,0.052 s-2.688-0.009-3.637-0.052c-0.877-0.04-1.354-0.187-1.671-0.31c-0.42-0.163-0.72-0.358-1.035-0.673 c-0.315-0.315-0.51-0.615-0.673-1.035c-0.123-0.317-0.27-0.794-0.31-1.671C4.631,14.688,4.622,14.403,4.622,12 s0.009-2.688,0.052-3.637c0.04-0.877,0.187-1.354,0.31-1.671c0.163-0.42,0.358-0.72,0.673-1.035 c0.315-0.315,0.615-0.51,1.035-0.673c0.317-0.123,0.794-0.27,1.671-0.31C9.312,4.631,9.597,4.622,12,4.622 M12,3 C9.556,3,9.249,3.01,8.289,3.054C7.331,3.098,6.677,3.25,6.105,3.472C5.513,3.702,5.011,4.01,4.511,4.511 c-0.5,0.5-0.808,1.002-1.038,1.594C3.25,6.677,3.098,7.331,3.054,8.289C3.01,9.249,3,9.556,3,12c0,2.444,0.01,2.751,0.054,3.711 c0.044,0.958,0.196,1.612,0.418,2.185c0.23,0.592,0.538,1.094,1.038,1.594c0.5,0.5,1.002,0.808,1.594,1.038 c0.572,0.222,1.227,0.375,2.185,0.418C9.249,20.99,9.556,21,12,21s2.751-0.01,3.711-0.054c0.958-0.044,1.612-0.196,2.185-0.418 c0.592-0.23,1.094-0.538,1.594-1.038c0.5-0.5,0.808-1.002,1.038-1.594c0.222-0.572,0.375-1.227,0.418-2.185 C20.99,14.751,21,14.444,21,12s-0.01-2.751-0.054-3.711c-0.044-0.958-0.196-1.612-0.418-2.185c-0.23-0.592-0.538-1.094-1.038-1.594 c-0.5-0.5-1.002-0.808-1.594-1.038c-0.572-0.222-1.227-0.375-2.185-0.418C14.751,3.01,14.444,3,12,3L12,3z M12,7.378 c-2.552,0-4.622,2.069-4.622,4.622S9.448,16.622,12,16.622s4.622-2.069,4.622-4.622S14.552,7.378,12,7.378z M12,15 c-1.657,0-3-1.343-3-3s1.343-3,3-3s3,1.343,3,3S13.657,15,12,15z M16.804,6.116c-0.596,0-1.08,0.484-1.08,1.08 s0.484,1.08,1.08,1.08c0.596,0,1.08-0.484,1.08-1.08S17.401,6.116,16.804,6.116z\"><\/path><\/svg><span class=\"wp-block-social-link-label screen-reader-text\">Instagram<\/span><\/a><\/li><\/ul>\n<\/div>\n<\/div>\n\n\n\n<div class=\"wp-block-column is-vertically-aligned-top is-layout-flow wp-block-column-is-layout-flow\" style=\"flex-basis:60%\">\n<figure class=\"wp-block-image size-large is-style-rounded is-style-rounded--1\"><img fetchpriority=\"high\" decoding=\"async\" width=\"1024\" height=\"1010\" src=\"http:\/\/lauraelbe.com\/wp-content\/uploads\/2024\/09\/IMG_7806-scaled-e1726752056883-1024x1010.jpg\" alt=\"\" class=\"wp-image-34\" style=\"aspect-ratio:3\/4;object-fit:cover\" srcset=\"https:\/\/lauraelbe.com\/wp-content\/uploads\/2024\/09\/IMG_7806-scaled-e1726752056883-1024x1010.jpg 1024w, https:\/\/lauraelbe.com\/wp-content\/uploads\/2024\/09\/IMG_7806-scaled-e1726752056883-300x296.jpg 300w, https:\/\/lauraelbe.com\/wp-content\/uploads\/2024\/09\/IMG_7806-scaled-e1726752056883-768x758.jpg 768w, https:\/\/lauraelbe.com\/wp-content\/uploads\/2024\/09\/IMG_7806-scaled-e1726752056883-1536x1515.jpg 1536w, https:\/\/lauraelbe.com\/wp-content\/uploads\/2024\/09\/IMG_7806-scaled-e1726752056883.jpg 1920w\" sizes=\"(max-width: 1024px) 100vw, 1024px\" \/><\/figure>\n<\/div>\n<\/div>\n<\/div>\n\n\n\n<div class=\"wp-block-group alignfull has-global-padding is-layout-constrained wp-container-core-group-is-layout-e4ce447a wp-block-group-is-layout-constrained\" style=\"margin-top:0;margin-bottom:0;padding-top:var(--wp--preset--spacing--10);padding-right:var(--wp--preset--spacing--40);padding-bottom:var(--wp--preset--spacing--10);padding-left:var(--wp--preset--spacing--40)\">\n<div class=\"wp-block-group alignwide has-global-padding is-layout-constrained wp-container-core-group-is-layout-19e250f3 wp-block-group-is-layout-constrained\">\n<div class=\"wp-block-group is-vertical is-content-justification-center is-layout-flex wp-container-core-group-is-layout-6329a8f3 wp-block-group-is-layout-flex\">\n<h2 class=\"wp-block-heading has-text-align-center is-style-asterisk\">CV<\/h2>\n\n\n\n<p>Passionn\u00e9e par l&#8217;art et la culture, mes \u00e9tudes en communication, graphisme et direction artistique m&#8217;ont dot\u00e9e de comp\u00e9tences solides. Inspir\u00e9e par la nature et les voyages, j&#8217;int\u00e8gre de l&#8217;authenticit\u00e9 dans mes cr\u00e9ations. Travaillant efficacement en \u00e9quipe gr\u00e2ce \u00e0 mon empathie, mon organisation et ma r\u00e9flexion, je suis une professionnelle cr\u00e9ative et polyvalente, pr\u00eate \u00e0 contribuer \u00e0 tout type de projet.<\/p>\n<\/div>\n\n\n\n<div style=\"height:var(--wp--preset--spacing--40)\" aria-hidden=\"true\" class=\"wp-block-spacer\"><\/div>\n\n\n\n<div class=\"wp-block-columns alignwide is-layout-flex wp-container-core-columns-is-layout-d1c656ed wp-block-columns-is-layout-flex\">\n<div class=\"wp-block-column is-vertically-aligned-center is-layout-flow wp-block-column-is-layout-flow\" style=\"flex-basis:40%\">\n<h3 class=\"wp-block-heading is-style-asterisk\">Scolarit\u00e9<\/h3>\n\n\n\n<ul style=\"line-height:1.75\" class=\"wp-block-list is-style-checkmark-list\">\n<li>Master Direction artistique : Designer d&#8217;exp\u00e9riences et d&#8217;interfaces. Titre RNCP35582 Chef de projet multim\u00e9dia<\/li>\n\n\n\n<li>Bachelor Design Graphique<\/li>\n\n\n\n<li>DUT info com, communication des organisations<\/li>\n<\/ul>\n<\/div>\n\n\n\n<div class=\"wp-block-column is-layout-flow wp-block-column-is-layout-flow\" style=\"flex-basis:50%\">\n<figure class=\"wp-block-image size-large is-style-rounded is-style-rounded--2\"><img decoding=\"async\" width=\"768\" height=\"1024\" src=\"http:\/\/lauraelbe.com\/wp-content\/uploads\/2024\/10\/IMG_6836-768x1024.jpg\" alt=\"\" class=\"wp-image-269\" style=\"aspect-ratio:4\/3;object-fit:cover\" srcset=\"https:\/\/lauraelbe.com\/wp-content\/uploads\/2024\/10\/IMG_6836-768x1024.jpg 768w, https:\/\/lauraelbe.com\/wp-content\/uploads\/2024\/10\/IMG_6836-225x300.jpg 225w, https:\/\/lauraelbe.com\/wp-content\/uploads\/2024\/10\/IMG_6836-1152x1536.jpg 1152w, https:\/\/lauraelbe.com\/wp-content\/uploads\/2024\/10\/IMG_6836-1536x2048.jpg 1536w, https:\/\/lauraelbe.com\/wp-content\/uploads\/2024\/10\/IMG_6836-scaled.jpg 1920w\" sizes=\"(max-width: 768px) 100vw, 768px\" \/><\/figure>\n<\/div>\n<\/div>\n\n\n\n<div class=\"wp-block-columns alignwide is-layout-flex wp-container-core-columns-is-layout-d1c656ed wp-block-columns-is-layout-flex\">\n<div class=\"wp-block-column is-layout-flow wp-block-column-is-layout-flow\" style=\"flex-basis:50%\">\n<figure class=\"wp-block-image size-large is-style-rounded is-style-rounded--3\"><img decoding=\"async\" width=\"768\" height=\"1024\" src=\"http:\/\/lauraelbe.com\/wp-content\/uploads\/2024\/10\/8362d89e-bc7d-4a9a-9a78-dac0f6bb0ae0-768x1024.jpg\" alt=\"\" class=\"wp-image-270\" style=\"aspect-ratio:4\/3;object-fit:cover\" srcset=\"https:\/\/lauraelbe.com\/wp-content\/uploads\/2024\/10\/8362d89e-bc7d-4a9a-9a78-dac0f6bb0ae0-768x1024.jpg 768w, https:\/\/lauraelbe.com\/wp-content\/uploads\/2024\/10\/8362d89e-bc7d-4a9a-9a78-dac0f6bb0ae0-225x300.jpg 225w, https:\/\/lauraelbe.com\/wp-content\/uploads\/2024\/10\/8362d89e-bc7d-4a9a-9a78-dac0f6bb0ae0-1152x1536.jpg 1152w, https:\/\/lauraelbe.com\/wp-content\/uploads\/2024\/10\/8362d89e-bc7d-4a9a-9a78-dac0f6bb0ae0-1536x2048.jpg 1536w, https:\/\/lauraelbe.com\/wp-content\/uploads\/2024\/10\/8362d89e-bc7d-4a9a-9a78-dac0f6bb0ae0-scaled.jpg 1920w\" sizes=\"(max-width: 768px) 100vw, 768px\" \/><\/figure>\n<\/div>\n\n\n\n<div class=\"wp-block-column is-vertically-aligned-center is-layout-flow wp-block-column-is-layout-flow\" style=\"flex-basis:40%\">\n<h3 class=\"wp-block-heading is-style-asterisk\">Exp\u00e9riences pros<\/h3>\n\n\n\n<ul style=\"line-height:1.75\" class=\"wp-block-list is-style-checkmark-list\">\n<li>Charg\u00e9e de projet multim\u00e9dia et m\u00e9diatrice culturelle : Espace de l&#8217;Art Concret centre d&#8217;art contemporain d&#8217;int\u00e9r\u00eat national<\/li>\n\n\n\n<li>Graphiste et Web Designer : Eklabul agence artistique<\/li>\n\n\n\n<li>Stage Community manager : Les Voiles d&#8217;Antibes<\/li>\n<\/ul>\n<\/div>\n<\/div>\n<\/div>\n<\/div>\n\n\n\n<div class=\"wp-block-group alignfull has-base-2-background-color has-background has-global-padding is-layout-constrained wp-container-core-group-is-layout-669513ed wp-block-group-is-layout-constrained\" style=\"margin-top:0;margin-bottom:0;padding-top:var(--wp--preset--spacing--50);padding-right:var(--wp--preset--spacing--50);padding-bottom:var(--wp--preset--spacing--50);padding-left:var(--wp--preset--spacing--50)\">\n<h2 class=\"wp-block-heading has-text-align-center is-style-asterisk\">Mes comp\u00e9tences<\/h2>\n\n\n\n<div class=\"wp-block-group is-vertical is-content-justification-center is-layout-flex wp-container-core-group-is-layout-52b864f0 wp-block-group-is-layout-flex\">\n<div style=\"height:0px\" aria-hidden=\"true\" class=\"wp-block-spacer wp-container-content-4f2ccadb\"><\/div>\n\n\n\n<p class=\"has-text-align-center\">Notre gamme compl\u00e8te de services professionnels s\u2019adresse \u00e0 une client\u00e8le diversifi\u00e9e, allant des propri\u00e9taires aux promotrices ou promoteurs commerciaux.<\/p>\n<\/div>\n\n\n\n<div style=\"margin-top:0;margin-bottom:0;height:var(--wp--preset--spacing--40)\" aria-hidden=\"true\" class=\"wp-block-spacer\"><\/div>\n\n\n\n<div class=\"wp-block-columns alignwide is-layout-flex wp-container-core-columns-is-layout-d0bbbce0 wp-block-columns-is-layout-flex\">\n<div class=\"wp-block-column is-layout-flow wp-container-core-column-is-layout-e3d1c41b wp-block-column-is-layout-flow\">\n<h3 class=\"wp-block-heading has-text-align-left is-style-asterisk has-body-font-family has-medium-font-size\" style=\"font-style:normal;font-weight:600\">Graphisme<\/h3>\n\n\n\n<ul style=\"line-height:1.75\" class=\"wp-block-list is-style-checkmark-list\">\n<li>Adobe Creative Suite : Photoshop, Illustrator, InDesign<\/li>\n\n\n\n<li>Canva<\/li>\n<\/ul>\n<\/div>\n\n\n\n<div class=\"wp-block-column is-layout-flow wp-container-core-column-is-layout-e3d1c41b wp-block-column-is-layout-flow\">\n<h3 class=\"wp-block-heading has-text-align-left is-style-asterisk has-body-font-family has-medium-font-size\" style=\"font-style:normal;font-weight:600\">Vid\u00e9o<\/h3>\n\n\n\n<ul style=\"line-height:1.75\" class=\"wp-block-list is-style-checkmark-list\">\n<li>Adobe Premiere Pro, After effect<\/li>\n\n\n\n<li>Final Cut<\/li>\n\n\n\n<li>Imovie<\/li>\n<\/ul>\n<\/div>\n\n\n\n<div class=\"wp-block-column is-layout-flow wp-container-core-column-is-layout-e3d1c41b wp-block-column-is-layout-flow\">\n<h3 class=\"wp-block-heading has-text-align-left is-style-asterisk has-body-font-family has-medium-font-size\" style=\"font-style:normal;font-weight:600\">Web Design<\/h3>\n\n\n\n<ul style=\"line-height:1.75\" class=\"wp-block-list is-style-checkmark-list\">\n<li>Figma<\/li>\n\n\n\n<li>WordPress<\/li>\n\n\n\n<li>Html Css (d\u00e9butant)<\/li>\n<\/ul>\n<\/div>\n<\/div>\n\n\n\n<div style=\"height:var(--wp--preset--spacing--20)\" aria-hidden=\"true\" class=\"wp-block-spacer\"><\/div>\n\n\n\n<div class=\"wp-block-columns alignwide is-layout-flex wp-container-core-columns-is-layout-d0bbbce0 wp-block-columns-is-layout-flex\">\n<div class=\"wp-block-column is-layout-flow wp-container-core-column-is-layout-e3d1c41b wp-block-column-is-layout-flow\">\n<h3 class=\"wp-block-heading has-text-align-left is-style-asterisk has-body-font-family has-medium-font-size\" style=\"font-style:normal;font-weight:600\">Langues<\/h3>\n\n\n\n<ul style=\"line-height:1.75\" class=\"wp-block-list is-style-checkmark-list\">\n<li>Fran\u00e7ais<\/li>\n\n\n\n<li>Anglais B2 ( 900 pts TOEIC)<\/li>\n\n\n\n<li>Espagnol B1<\/li>\n<\/ul>\n<\/div>\n\n\n\n<div class=\"wp-block-column is-layout-flow wp-container-core-column-is-layout-e3d1c41b wp-block-column-is-layout-flow\">\n<h3 class=\"wp-block-heading has-text-align-left is-style-asterisk has-body-font-family has-medium-font-size\" style=\"font-style:normal;font-weight:600\">Gestion de projet<\/h3>\n\n\n\n<ul style=\"line-height:1.75\" class=\"wp-block-list is-style-checkmark-list\">\n<li>Trello<\/li>\n\n\n\n<li>Notion<\/li>\n<\/ul>\n<\/div>\n\n\n\n<div class=\"wp-block-column is-layout-flow wp-container-core-column-is-layout-e3d1c41b wp-block-column-is-layout-flow\">\n<h3 class=\"wp-block-heading has-text-align-left is-style-asterisk has-body-font-family has-medium-font-size\" style=\"font-style:normal;font-weight:600\">Soft skills<\/h3>\n\n\n\n<ul style=\"line-height:1.75\" class=\"wp-block-list is-style-checkmark-list\">\n<li>Adaptabilit\u00e9 <\/li>\n\n\n\n<li>Communication<\/li>\n\n\n\n<li>Esprit d&#8217;\u00e9quipe&nbsp;<\/li>\n\n\n\n<li>Gestion du temps<\/li>\n<\/ul>\n<\/div>\n<\/div>\n<\/div>\n","protected":false},"excerpt":{"rendered":"<p>LAURA BASTIANI Suivez moi \ud83d\ude42 CV Passionn\u00e9e par l&#8217;art et la culture, mes \u00e9tudes en communication, graphisme et direction artistique m&#8217;ont dot\u00e9e de comp\u00e9tences solides. Inspir\u00e9e par la nature et les voyages, j&#8217;int\u00e8gre de l&#8217;authenticit\u00e9 dans mes cr\u00e9ations. Travaillant efficacement en \u00e9quipe gr\u00e2ce \u00e0 mon empathie, mon organisation et ma r\u00e9flexion, je suis une professionnelle [&hellip;]<\/p>\n","protected":false},"author":1,"featured_media":0,"parent":0,"menu_order":0,"comment_status":"closed","ping_status":"closed","template":"","meta":{"_monsterinsights_skip_tracking":false,"_monsterinsights_sitenote_active":false,"_monsterinsights_sitenote_note":"","_monsterinsights_sitenote_category":0,"footnotes":""},"class_list":["post-127","page","type-page","status-publish","hentry"],"yoast_head":"<!-- This site is optimized with the Yoast SEO plugin v26.0 - https:\/\/yoast.com\/wordpress\/plugins\/seo\/ -->\n<title>CV - Charg\u00e9e de projets multim\u00e9dias %<\/title>\n<meta name=\"description\" content=\"D\u00e9couvrez le CV de Laura Bastiani, graphiste multim\u00e9dia et parcourez son parcours professionnel, ses comp\u00e9tences en design graphique, vid\u00e9o et webdesign.\" \/>\n<meta name=\"robots\" content=\"index, follow, max-snippet:-1, max-image-preview:large, max-video-preview:-1\" \/>\n<link rel=\"canonical\" href=\"https:\/\/lauraelbe.com\/index.php\/cv-graphiste-multimedia\/\" \/>\n<meta property=\"og:locale\" content=\"en_US\" \/>\n<meta property=\"og:type\" content=\"article\" \/>\n<meta property=\"og:title\" content=\"CV - Charg\u00e9e de projets multim\u00e9dias %\" \/>\n<meta property=\"og:description\" content=\"D\u00e9couvrez le CV de Laura Bastiani, graphiste multim\u00e9dia et parcourez son parcours professionnel, ses comp\u00e9tences en design graphique, vid\u00e9o et webdesign.\" \/>\n<meta property=\"og:url\" content=\"https:\/\/lauraelbe.com\/index.php\/cv-graphiste-multimedia\/\" \/>\n<meta property=\"og:site_name\" content=\"Charg\u00e9e de projets multim\u00e9dias\" \/>\n<meta property=\"article:modified_time\" content=\"2024-10-12T09:58:31+00:00\" \/>\n<meta property=\"og:image\" content=\"http:\/\/lauraelbe.com\/wp-content\/uploads\/2024\/09\/IMG_7806-scaled-e1726752056883-1024x1010.jpg\" \/>\n<meta name=\"twitter:card\" content=\"summary_large_image\" \/>\n<meta name=\"twitter:label1\" content=\"Est. reading time\" \/>\n\t<meta name=\"twitter:data1\" content=\"2 minutes\" \/>\n<script type=\"application\/ld+json\" class=\"yoast-schema-graph\">{\"@context\":\"https:\/\/schema.org\",\"@graph\":[{\"@type\":\"WebPage\",\"@id\":\"https:\/\/lauraelbe.com\/index.php\/cv-graphiste-multimedia\/\",\"url\":\"https:\/\/lauraelbe.com\/index.php\/cv-graphiste-multimedia\/\",\"name\":\"CV - Charg\u00e9e de projets multim\u00e9dias %\",\"isPartOf\":{\"@id\":\"https:\/\/lauraelbe.com\/#website\"},\"primaryImageOfPage\":{\"@id\":\"https:\/\/lauraelbe.com\/index.php\/cv-graphiste-multimedia\/#primaryimage\"},\"image\":{\"@id\":\"https:\/\/lauraelbe.com\/index.php\/cv-graphiste-multimedia\/#primaryimage\"},\"thumbnailUrl\":\"http:\/\/lauraelbe.com\/wp-content\/uploads\/2024\/09\/IMG_7806-scaled-e1726752056883-1024x1010.jpg\",\"datePublished\":\"2024-09-19T21:03:29+00:00\",\"dateModified\":\"2024-10-12T09:58:31+00:00\",\"description\":\"D\u00e9couvrez le CV de Laura Bastiani, graphiste multim\u00e9dia et parcourez son parcours professionnel, ses comp\u00e9tences en design graphique, vid\u00e9o et webdesign.\",\"breadcrumb\":{\"@id\":\"https:\/\/lauraelbe.com\/index.php\/cv-graphiste-multimedia\/#breadcrumb\"},\"inLanguage\":\"en-US\",\"potentialAction\":[{\"@type\":\"ReadAction\",\"target\":[\"https:\/\/lauraelbe.com\/index.php\/cv-graphiste-multimedia\/\"]}]},{\"@type\":\"ImageObject\",\"inLanguage\":\"en-US\",\"@id\":\"https:\/\/lauraelbe.com\/index.php\/cv-graphiste-multimedia\/#primaryimage\",\"url\":\"https:\/\/lauraelbe.com\/wp-content\/uploads\/2024\/09\/IMG_7806-scaled-e1726752056883.jpg\",\"contentUrl\":\"https:\/\/lauraelbe.com\/wp-content\/uploads\/2024\/09\/IMG_7806-scaled-e1726752056883.jpg\",\"width\":1920,\"height\":1894},{\"@type\":\"BreadcrumbList\",\"@id\":\"https:\/\/lauraelbe.com\/index.php\/cv-graphiste-multimedia\/#breadcrumb\",\"itemListElement\":[{\"@type\":\"ListItem\",\"position\":1,\"name\":\"Accueil\",\"item\":\"https:\/\/lauraelbe.com\/\"},{\"@type\":\"ListItem\",\"position\":2,\"name\":\"CV\"}]},{\"@type\":\"WebSite\",\"@id\":\"https:\/\/lauraelbe.com\/#website\",\"url\":\"https:\/\/lauraelbe.com\/\",\"name\":\"Laura elbe\",\"description\":\"\",\"publisher\":{\"@id\":\"https:\/\/lauraelbe.com\/#\/schema\/person\/41df492673f68599e3b598ab73c7612c\"},\"potentialAction\":[{\"@type\":\"SearchAction\",\"target\":{\"@type\":\"EntryPoint\",\"urlTemplate\":\"https:\/\/lauraelbe.com\/?s={search_term_string}\"},\"query-input\":{\"@type\":\"PropertyValueSpecification\",\"valueRequired\":true,\"valueName\":\"search_term_string\"}}],\"inLanguage\":\"en-US\"},{\"@type\":[\"Person\",\"Organization\"],\"@id\":\"https:\/\/lauraelbe.com\/#\/schema\/person\/41df492673f68599e3b598ab73c7612c\",\"name\":\"laura\",\"image\":{\"@type\":\"ImageObject\",\"inLanguage\":\"en-US\",\"@id\":\"https:\/\/lauraelbe.com\/#\/schema\/person\/image\/\",\"url\":\"https:\/\/lauraelbe.com\/wp-content\/uploads\/2025\/09\/Lauraelbe-LOGO-06-edited-1-scaled.png\",\"contentUrl\":\"https:\/\/lauraelbe.com\/wp-content\/uploads\/2025\/09\/Lauraelbe-LOGO-06-edited-1-scaled.png\",\"width\":2560,\"height\":1440,\"caption\":\"laura\"},\"logo\":{\"@id\":\"https:\/\/lauraelbe.com\/#\/schema\/person\/image\/\"},\"sameAs\":[\"http:\/\/lauraelbe.com\"]}]}<\/script>\n<!-- \/ Yoast SEO plugin. -->","yoast_head_json":{"title":"CV - Charg\u00e9e de projets multim\u00e9dias %","description":"D\u00e9couvrez le CV de Laura Bastiani, graphiste multim\u00e9dia et parcourez son parcours professionnel, ses comp\u00e9tences en design graphique, vid\u00e9o et webdesign.","robots":{"index":"index","follow":"follow","max-snippet":"max-snippet:-1","max-image-preview":"max-image-preview:large","max-video-preview":"max-video-preview:-1"},"canonical":"https:\/\/lauraelbe.com\/index.php\/cv-graphiste-multimedia\/","og_locale":"en_US","og_type":"article","og_title":"CV - Charg\u00e9e de projets multim\u00e9dias %","og_description":"D\u00e9couvrez le CV de Laura Bastiani, graphiste multim\u00e9dia et parcourez son parcours professionnel, ses comp\u00e9tences en design graphique, vid\u00e9o et webdesign.","og_url":"https:\/\/lauraelbe.com\/index.php\/cv-graphiste-multimedia\/","og_site_name":"Charg\u00e9e de projets multim\u00e9dias","article_modified_time":"2024-10-12T09:58:31+00:00","og_image":[{"url":"http:\/\/lauraelbe.com\/wp-content\/uploads\/2024\/09\/IMG_7806-scaled-e1726752056883-1024x1010.jpg","type":"","width":"","height":""}],"twitter_card":"summary_large_image","twitter_misc":{"Est. reading time":"2 minutes"},"schema":{"@context":"https:\/\/schema.org","@graph":[{"@type":"WebPage","@id":"https:\/\/lauraelbe.com\/index.php\/cv-graphiste-multimedia\/","url":"https:\/\/lauraelbe.com\/index.php\/cv-graphiste-multimedia\/","name":"CV - Charg\u00e9e de projets multim\u00e9dias %","isPartOf":{"@id":"https:\/\/lauraelbe.com\/#website"},"primaryImageOfPage":{"@id":"https:\/\/lauraelbe.com\/index.php\/cv-graphiste-multimedia\/#primaryimage"},"image":{"@id":"https:\/\/lauraelbe.com\/index.php\/cv-graphiste-multimedia\/#primaryimage"},"thumbnailUrl":"http:\/\/lauraelbe.com\/wp-content\/uploads\/2024\/09\/IMG_7806-scaled-e1726752056883-1024x1010.jpg","datePublished":"2024-09-19T21:03:29+00:00","dateModified":"2024-10-12T09:58:31+00:00","description":"D\u00e9couvrez le CV de Laura Bastiani, graphiste multim\u00e9dia et parcourez son parcours professionnel, ses comp\u00e9tences en design graphique, vid\u00e9o et webdesign.","breadcrumb":{"@id":"https:\/\/lauraelbe.com\/index.php\/cv-graphiste-multimedia\/#breadcrumb"},"inLanguage":"en-US","potentialAction":[{"@type":"ReadAction","target":["https:\/\/lauraelbe.com\/index.php\/cv-graphiste-multimedia\/"]}]},{"@type":"ImageObject","inLanguage":"en-US","@id":"https:\/\/lauraelbe.com\/index.php\/cv-graphiste-multimedia\/#primaryimage","url":"https:\/\/lauraelbe.com\/wp-content\/uploads\/2024\/09\/IMG_7806-scaled-e1726752056883.jpg","contentUrl":"https:\/\/lauraelbe.com\/wp-content\/uploads\/2024\/09\/IMG_7806-scaled-e1726752056883.jpg","width":1920,"height":1894},{"@type":"BreadcrumbList","@id":"https:\/\/lauraelbe.com\/index.php\/cv-graphiste-multimedia\/#breadcrumb","itemListElement":[{"@type":"ListItem","position":1,"name":"Accueil","item":"https:\/\/lauraelbe.com\/"},{"@type":"ListItem","position":2,"name":"CV"}]},{"@type":"WebSite","@id":"https:\/\/lauraelbe.com\/#website","url":"https:\/\/lauraelbe.com\/","name":"Laura elbe","description":"","publisher":{"@id":"https:\/\/lauraelbe.com\/#\/schema\/person\/41df492673f68599e3b598ab73c7612c"},"potentialAction":[{"@type":"SearchAction","target":{"@type":"EntryPoint","urlTemplate":"https:\/\/lauraelbe.com\/?s={search_term_string}"},"query-input":{"@type":"PropertyValueSpecification","valueRequired":true,"valueName":"search_term_string"}}],"inLanguage":"en-US"},{"@type":["Person","Organization"],"@id":"https:\/\/lauraelbe.com\/#\/schema\/person\/41df492673f68599e3b598ab73c7612c","name":"laura","image":{"@type":"ImageObject","inLanguage":"en-US","@id":"https:\/\/lauraelbe.com\/#\/schema\/person\/image\/","url":"https:\/\/lauraelbe.com\/wp-content\/uploads\/2025\/09\/Lauraelbe-LOGO-06-edited-1-scaled.png","contentUrl":"https:\/\/lauraelbe.com\/wp-content\/uploads\/2025\/09\/Lauraelbe-LOGO-06-edited-1-scaled.png","width":2560,"height":1440,"caption":"laura"},"logo":{"@id":"https:\/\/lauraelbe.com\/#\/schema\/person\/image\/"},"sameAs":["http:\/\/lauraelbe.com"]}]}},"_links":{"self":[{"href":"https:\/\/lauraelbe.com\/index.php\/wp-json\/wp\/v2\/pages\/127","targetHints":{"allow":["GET"]}}],"collection":[{"href":"https:\/\/lauraelbe.com\/index.php\/wp-json\/wp\/v2\/pages"}],"about":[{"href":"https:\/\/lauraelbe.com\/index.php\/wp-json\/wp\/v2\/types\/page"}],"author":[{"embeddable":true,"href":"https:\/\/lauraelbe.com\/index.php\/wp-json\/wp\/v2\/users\/1"}],"replies":[{"embeddable":true,"href":"https:\/\/lauraelbe.com\/index.php\/wp-json\/wp\/v2\/comments?post=127"}],"version-history":[{"count":5,"href":"https:\/\/lauraelbe.com\/index.php\/wp-json\/wp\/v2\/pages\/127\/revisions"}],"predecessor-version":[{"id":276,"href":"https:\/\/lauraelbe.com\/index.php\/wp-json\/wp\/v2\/pages\/127\/revisions\/276"}],"wp:attachment":[{"href":"https:\/\/lauraelbe.com\/index.php\/wp-json\/wp\/v2\/media?parent=127"}],"curies":[{"name":"wp","href":"https:\/\/api.w.org\/{rel}","templated":true}]}}