{"id":125,"date":"2024-09-19T22:49:51","date_gmt":"2024-09-19T20:49:51","guid":{"rendered":"http:\/\/lauraelbe.com\/?page_id=125"},"modified":"2024-10-12T12:27:46","modified_gmt":"2024-10-12T10:27:46","slug":"creation-videos","status":"publish","type":"page","link":"https:\/\/lauraelbe.com\/index.php\/creation-videos\/","title":{"rendered":"Vid\u00e9os"},"content":{"rendered":"\n<div class=\"wp-block-group alignfull has-global-padding is-layout-constrained wp-container-core-group-is-layout-b25ccd55 wp-block-group-is-layout-constrained\" style=\"margin-top:0;margin-bottom:0;padding-top:var(--wp--preset--spacing--50);padding-right:var(--wp--preset--spacing--50);padding-bottom:var(--wp--preset--spacing--50);padding-left:var(--wp--preset--spacing--50)\">\n<div class=\"wp-block-columns alignwide is-layout-flex wp-container-core-columns-is-layout-ff4b9c61 wp-block-columns-is-layout-flex\" style=\"margin-top:0;margin-bottom:0\">\n<div class=\"wp-block-column is-layout-flow wp-container-core-column-is-layout-8a368f38 wp-block-column-is-layout-flow\">\n<div class=\"wp-block-group alignwide has-global-padding is-layout-constrained wp-block-group-is-layout-constrained\">\n<h1 class=\"wp-block-heading alignwide has-xx-large-font-size\" style=\"line-height:1.2\">Interview d&#8217;artistes<\/h1>\n\n\n\n<p>J\u2019ai r\u00e9alis\u00e9 une s\u00e9rie d\u2019interviews d\u2019artistes pour l\u2019Espace de l\u2019Art Concret. Visant \u00e0 promouvoir et donner un aper\u00e7u des expositions en cours, ces vid\u00e9os permettent d\u2019entrer dans l\u2019univers des cr\u00e9ateurs. Elles offrent au public une perspective unique sur leur processus artistique et les \u0153uvres expos\u00e9es.<\/p>\n\n\n\n<div class=\"wp-block-buttons is-layout-flex wp-block-buttons-is-layout-flex\">\n<div class=\"wp-block-button\"><a class=\"wp-block-button__link wp-element-button\" href=\"https:\/\/youtube.com\/@espacedelartconcretcentred7468?si=yNS-F8vte4I9uPl6\">Voir plus de vid\u00e9os<\/a><\/div>\n<\/div>\n<\/div>\n\n\n\n<div style=\"height:34px\" aria-hidden=\"true\" class=\"wp-block-spacer\"><\/div>\n\n\n\n<figure class=\"wp-block-embed is-type-video is-provider-youtube wp-block-embed-youtube wp-embed-aspect-16-9 wp-has-aspect-ratio\"><div class=\"wp-block-embed__wrapper\">\n<iframe title=\"Rencontre avec Luce Couillet : designer textile\" width=\"500\" height=\"281\" src=\"https:\/\/www.youtube.com\/embed\/B1gEMgfVMcI?feature=oembed\" frameborder=\"0\" allow=\"accelerometer; autoplay; clipboard-write; encrypted-media; gyroscope; picture-in-picture; web-share\" referrerpolicy=\"strict-origin-when-cross-origin\" allowfullscreen><\/iframe>\n<\/div><\/figure>\n\n\n\n<figure class=\"wp-block-embed is-type-video is-provider-youtube wp-block-embed-youtube wp-embed-aspect-16-9 wp-has-aspect-ratio\"><div class=\"wp-block-embed__wrapper\">\n<iframe title=\"Rencontre avec une artiste : Ode Bertrand\" width=\"500\" height=\"281\" src=\"https:\/\/www.youtube.com\/embed\/5z70WTYtgVc?feature=oembed\" frameborder=\"0\" allow=\"accelerometer; autoplay; clipboard-write; encrypted-media; gyroscope; picture-in-picture; web-share\" referrerpolicy=\"strict-origin-when-cross-origin\" allowfullscreen><\/iframe>\n<\/div><\/figure>\n\n\n\n<figure class=\"wp-block-embed is-type-video is-provider-youtube wp-block-embed-youtube wp-embed-aspect-16-9 wp-has-aspect-ratio\"><div class=\"wp-block-embed__wrapper\">\n<iframe title=\"Rencontre avec une artiste  : C\u00e9cile Bart\" width=\"500\" height=\"281\" src=\"https:\/\/www.youtube.com\/embed\/A0vacZkBUxU?feature=oembed\" frameborder=\"0\" allow=\"accelerometer; autoplay; clipboard-write; encrypted-media; gyroscope; picture-in-picture; web-share\" referrerpolicy=\"strict-origin-when-cross-origin\" allowfullscreen><\/iframe>\n<\/div><\/figure>\n<\/div>\n\n\n\n<div class=\"wp-block-column is-layout-flow wp-container-core-column-is-layout-8a368f38 wp-block-column-is-layout-flow\">\n<h1 class=\"wp-block-heading alignwide has-xx-large-font-size\" style=\"line-height:1.2\">Mini reportage<\/h1>\n\n\n\n<p>Cette vid\u00e9o retrace la r\u00e9sidence\u00a0<strong><em>Art &amp; Mondes du Travail<\/em><\/strong> de Florian Sch\u00f6nerstedt dans l\u2019entreprise SAP labs France. Cette r\u00e9sidence est un dispositif initi\u00e9 par le Minist\u00e8re de la Culture. Il vise \u00e0 favoriser la rencontre entre l\u2019art, principalement les arts visuels, et le monde du travail. Cela inclut l\u2019entreprise au sens large et tous ses acteurs, de la direction aux salari\u00e9s. L&#8217;objectif est de cr\u00e9er des synergies entre ces deux univers, enrichissant ainsi l&#8217;exp\u00e9rience artistique et professionnelle.<\/p>\n\n\n\n<div style=\"height:34px\" aria-hidden=\"true\" class=\"wp-block-spacer\"><\/div>\n\n\n\n<figure class=\"wp-block-embed is-type-video is-provider-youtube wp-block-embed-youtube wp-embed-aspect-16-9 wp-has-aspect-ratio\"><div class=\"wp-block-embed__wrapper\">\n<iframe title=\"R\u00e9sidence Art &amp; Mondes du Travail \/ Florian Sch\u00f6nerstedt  x SAP labs France\" width=\"500\" height=\"281\" src=\"https:\/\/www.youtube.com\/embed\/zMQtD0IRlfo?feature=oembed\" frameborder=\"0\" allow=\"accelerometer; autoplay; clipboard-write; encrypted-media; gyroscope; picture-in-picture; web-share\" referrerpolicy=\"strict-origin-when-cross-origin\" allowfullscreen><\/iframe>\n<\/div><\/figure>\n\n\n\n<div style=\"height:34px\" aria-hidden=\"true\" class=\"wp-block-spacer\"><\/div>\n\n\n\n<h1 class=\"wp-block-heading alignwide has-xx-large-font-size\" style=\"line-height:1.2\">Film d&#8217;entreprise<\/h1>\n\n\n\n<p>R\u00e9alis\u00e9 dans le cadre d\u2019un projet scolaire, ce film d\u2019entreprise pr\u00e9sente Freeride Attitude, magasin d\u2019\u00e9quipement sportif sur le C\u00f4te d\u2019Azur. Comment s\u2019\u00e9panouir en entreprise ? Les employ\u00e9s de Freeride Attitude nous r\u00e9pondent et nous partage l\u2019ambiance d\u00e9tendue et passionn\u00e9e de leur lieu de travail.<\/p>\n\n\n\n<div style=\"height:34px\" aria-hidden=\"true\" class=\"wp-block-spacer\"><\/div>\n\n\n\n<figure class=\"wp-block-embed is-type-video is-provider-youtube wp-block-embed-youtube wp-embed-aspect-16-9 wp-has-aspect-ratio\"><div class=\"wp-block-embed__wrapper\">\n<iframe title=\"Film d&#039;entreprise pour Freeride Attitude\" width=\"500\" height=\"281\" src=\"https:\/\/www.youtube.com\/embed\/OYRSdrxzFoA?feature=oembed\" frameborder=\"0\" allow=\"accelerometer; autoplay; clipboard-write; encrypted-media; gyroscope; picture-in-picture; web-share\" referrerpolicy=\"strict-origin-when-cross-origin\" allowfullscreen><\/iframe>\n<\/div><\/figure>\n<\/div>\n<\/div>\n<\/div>\n\n\n\n<h1 class=\"wp-block-heading alignwide has-xx-large-font-size\" style=\"line-height:1.2\">R\u00e9els<\/h1>\n\n\n\n<p>Dans le cadre de la communication digitale de l\u2019Espace de l\u2019Art Concret, j\u2019ai r\u00e9alis\u00e9 plusieurs courtes vid\u00e9os. Pour promouvoir les expositions, \u00e9v\u00e9nements et objets de la boutique. Ces vid\u00e9os dynamiques mettent en valeur les \u00e9v\u00e9nements et produits, tout en renfor\u00e7ant l\u2019engagement du public via les plateformes en ligne<\/p>\n\n\n\n<div style=\"height:51px\" aria-hidden=\"true\" class=\"wp-block-spacer\"><\/div>\n\n\n\n<div class=\"wp-block-group alignwide is-layout-grid wp-container-core-group-is-layout-60a32e67 wp-block-group-is-layout-grid\" style=\"min-height:0px;margin-top:0;margin-bottom:0\">\n<figure class=\"wp-block-video\"><video height=\"3840\" style=\"aspect-ratio: 2160 \/ 3840;\" width=\"2160\" controls src=\"http:\/\/lauraelbe.com\/wp-content\/uploads\/2024\/09\/reel_JAD_2-3.mp4\"><\/video><\/figure>\n\n\n\n<figure class=\"wp-block-video\"><video height=\"3840\" style=\"aspect-ratio: 2160 \/ 3840;\" width=\"2160\" controls src=\"http:\/\/lauraelbe.com\/wp-content\/uploads\/2024\/09\/Reel-eventailversion-1.mp4\"><\/video><\/figure>\n\n\n\n<figure class=\"wp-block-video wp-container-content-b47470bc\"><video height=\"1920\" style=\"aspect-ratio: 1080 \/ 1920;\" width=\"1080\" controls src=\"http:\/\/lauraelbe.com\/wp-content\/uploads\/2024\/09\/reel-dialogue-nov.23.mp4\"><\/video><\/figure>\n\n\n\n<figure class=\"wp-block-video wp-container-content-912e673b\"><video height=\"1920\" style=\"aspect-ratio: 888 \/ 1920;\" width=\"888\" controls src=\"http:\/\/lauraelbe.com\/wp-content\/uploads\/2024\/09\/REEL-JPB2.mp4\"><\/video><\/figure>\n<\/div>\n","protected":false},"excerpt":{"rendered":"<p>Interview d&#8217;artistes J\u2019ai r\u00e9alis\u00e9 une s\u00e9rie d\u2019interviews d\u2019artistes pour l\u2019Espace de l\u2019Art Concret. Visant \u00e0 promouvoir et donner un aper\u00e7u des expositions en cours, ces vid\u00e9os permettent d\u2019entrer dans l\u2019univers des cr\u00e9ateurs. Elles offrent au public une perspective unique sur leur processus artistique et les \u0153uvres expos\u00e9es. Mini reportage Cette vid\u00e9o retrace la r\u00e9sidence\u00a0Art &amp; [&hellip;]<\/p>\n","protected":false},"author":1,"featured_media":0,"parent":0,"menu_order":0,"comment_status":"closed","ping_status":"closed","template":"","meta":{"_monsterinsights_skip_tracking":false,"_monsterinsights_sitenote_active":false,"_monsterinsights_sitenote_note":"","_monsterinsights_sitenote_category":0,"footnotes":""},"class_list":["post-125","page","type-page","status-publish","hentry"],"yoast_head":"<!-- This site is optimized with the Yoast SEO plugin v26.0 - https:\/\/yoast.com\/wordpress\/plugins\/seo\/ -->\n<title>Vid\u00e9os - Charg\u00e9e de projets multim\u00e9dias<\/title>\n<meta name=\"description\" content=\"D\u00e9couvrez mon portfolio vid\u00e9o, sp\u00e9cialis\u00e9e dans la cr\u00e9ation de contenus visuels engageants. Contactez-moi pour donner vie \u00e0 vos id\u00e9es.\" \/>\n<meta name=\"robots\" content=\"index, follow, max-snippet:-1, max-image-preview:large, max-video-preview:-1\" \/>\n<link rel=\"canonical\" href=\"https:\/\/lauraelbe.com\/index.php\/creation-videos\/\" \/>\n<meta property=\"og:locale\" content=\"en_US\" \/>\n<meta property=\"og:type\" content=\"article\" \/>\n<meta property=\"og:title\" content=\"Vid\u00e9os - Charg\u00e9e de projets multim\u00e9dias\" \/>\n<meta property=\"og:description\" content=\"D\u00e9couvrez mon portfolio vid\u00e9o, sp\u00e9cialis\u00e9e dans la cr\u00e9ation de contenus visuels engageants. Contactez-moi pour donner vie \u00e0 vos id\u00e9es.\" \/>\n<meta property=\"og:url\" content=\"https:\/\/lauraelbe.com\/index.php\/creation-videos\/\" \/>\n<meta property=\"og:site_name\" content=\"Charg\u00e9e de projets multim\u00e9dias\" \/>\n<meta property=\"article:modified_time\" content=\"2024-10-12T10:27:46+00:00\" \/>\n<meta name=\"twitter:card\" content=\"summary_large_image\" \/>\n<meta name=\"twitter:label1\" content=\"Est. reading time\" \/>\n\t<meta name=\"twitter:data1\" content=\"2 minutes\" \/>\n<script type=\"application\/ld+json\" class=\"yoast-schema-graph\">{\"@context\":\"https:\/\/schema.org\",\"@graph\":[{\"@type\":\"WebPage\",\"@id\":\"https:\/\/lauraelbe.com\/index.php\/creation-videos\/\",\"url\":\"https:\/\/lauraelbe.com\/index.php\/creation-videos\/\",\"name\":\"Vid\u00e9os - Charg\u00e9e de projets multim\u00e9dias\",\"isPartOf\":{\"@id\":\"https:\/\/lauraelbe.com\/#website\"},\"datePublished\":\"2024-09-19T20:49:51+00:00\",\"dateModified\":\"2024-10-12T10:27:46+00:00\",\"description\":\"D\u00e9couvrez mon portfolio vid\u00e9o, sp\u00e9cialis\u00e9e dans la cr\u00e9ation de contenus visuels engageants. Contactez-moi pour donner vie \u00e0 vos id\u00e9es.\",\"breadcrumb\":{\"@id\":\"https:\/\/lauraelbe.com\/index.php\/creation-videos\/#breadcrumb\"},\"inLanguage\":\"en-US\",\"potentialAction\":[{\"@type\":\"ReadAction\",\"target\":[\"https:\/\/lauraelbe.com\/index.php\/creation-videos\/\"]}]},{\"@type\":\"BreadcrumbList\",\"@id\":\"https:\/\/lauraelbe.com\/index.php\/creation-videos\/#breadcrumb\",\"itemListElement\":[{\"@type\":\"ListItem\",\"position\":1,\"name\":\"Accueil\",\"item\":\"https:\/\/lauraelbe.com\/\"},{\"@type\":\"ListItem\",\"position\":2,\"name\":\"Vid\u00e9os\"}]},{\"@type\":\"WebSite\",\"@id\":\"https:\/\/lauraelbe.com\/#website\",\"url\":\"https:\/\/lauraelbe.com\/\",\"name\":\"Laura elbe\",\"description\":\"\",\"publisher\":{\"@id\":\"https:\/\/lauraelbe.com\/#\/schema\/person\/41df492673f68599e3b598ab73c7612c\"},\"potentialAction\":[{\"@type\":\"SearchAction\",\"target\":{\"@type\":\"EntryPoint\",\"urlTemplate\":\"https:\/\/lauraelbe.com\/?s={search_term_string}\"},\"query-input\":{\"@type\":\"PropertyValueSpecification\",\"valueRequired\":true,\"valueName\":\"search_term_string\"}}],\"inLanguage\":\"en-US\"},{\"@type\":[\"Person\",\"Organization\"],\"@id\":\"https:\/\/lauraelbe.com\/#\/schema\/person\/41df492673f68599e3b598ab73c7612c\",\"name\":\"laura\",\"image\":{\"@type\":\"ImageObject\",\"inLanguage\":\"en-US\",\"@id\":\"https:\/\/lauraelbe.com\/#\/schema\/person\/image\/\",\"url\":\"https:\/\/lauraelbe.com\/wp-content\/uploads\/2025\/09\/Lauraelbe-LOGO-06-edited-1-scaled.png\",\"contentUrl\":\"https:\/\/lauraelbe.com\/wp-content\/uploads\/2025\/09\/Lauraelbe-LOGO-06-edited-1-scaled.png\",\"width\":2560,\"height\":1440,\"caption\":\"laura\"},\"logo\":{\"@id\":\"https:\/\/lauraelbe.com\/#\/schema\/person\/image\/\"},\"sameAs\":[\"http:\/\/lauraelbe.com\"]}]}<\/script>\n<!-- \/ Yoast SEO plugin. -->","yoast_head_json":{"title":"Vid\u00e9os - Charg\u00e9e de projets multim\u00e9dias","description":"D\u00e9couvrez mon portfolio vid\u00e9o, sp\u00e9cialis\u00e9e dans la cr\u00e9ation de contenus visuels engageants. Contactez-moi pour donner vie \u00e0 vos id\u00e9es.","robots":{"index":"index","follow":"follow","max-snippet":"max-snippet:-1","max-image-preview":"max-image-preview:large","max-video-preview":"max-video-preview:-1"},"canonical":"https:\/\/lauraelbe.com\/index.php\/creation-videos\/","og_locale":"en_US","og_type":"article","og_title":"Vid\u00e9os - Charg\u00e9e de projets multim\u00e9dias","og_description":"D\u00e9couvrez mon portfolio vid\u00e9o, sp\u00e9cialis\u00e9e dans la cr\u00e9ation de contenus visuels engageants. Contactez-moi pour donner vie \u00e0 vos id\u00e9es.","og_url":"https:\/\/lauraelbe.com\/index.php\/creation-videos\/","og_site_name":"Charg\u00e9e de projets multim\u00e9dias","article_modified_time":"2024-10-12T10:27:46+00:00","twitter_card":"summary_large_image","twitter_misc":{"Est. reading time":"2 minutes"},"schema":{"@context":"https:\/\/schema.org","@graph":[{"@type":"WebPage","@id":"https:\/\/lauraelbe.com\/index.php\/creation-videos\/","url":"https:\/\/lauraelbe.com\/index.php\/creation-videos\/","name":"Vid\u00e9os - Charg\u00e9e de projets multim\u00e9dias","isPartOf":{"@id":"https:\/\/lauraelbe.com\/#website"},"datePublished":"2024-09-19T20:49:51+00:00","dateModified":"2024-10-12T10:27:46+00:00","description":"D\u00e9couvrez mon portfolio vid\u00e9o, sp\u00e9cialis\u00e9e dans la cr\u00e9ation de contenus visuels engageants. Contactez-moi pour donner vie \u00e0 vos id\u00e9es.","breadcrumb":{"@id":"https:\/\/lauraelbe.com\/index.php\/creation-videos\/#breadcrumb"},"inLanguage":"en-US","potentialAction":[{"@type":"ReadAction","target":["https:\/\/lauraelbe.com\/index.php\/creation-videos\/"]}]},{"@type":"BreadcrumbList","@id":"https:\/\/lauraelbe.com\/index.php\/creation-videos\/#breadcrumb","itemListElement":[{"@type":"ListItem","position":1,"name":"Accueil","item":"https:\/\/lauraelbe.com\/"},{"@type":"ListItem","position":2,"name":"Vid\u00e9os"}]},{"@type":"WebSite","@id":"https:\/\/lauraelbe.com\/#website","url":"https:\/\/lauraelbe.com\/","name":"Laura elbe","description":"","publisher":{"@id":"https:\/\/lauraelbe.com\/#\/schema\/person\/41df492673f68599e3b598ab73c7612c"},"potentialAction":[{"@type":"SearchAction","target":{"@type":"EntryPoint","urlTemplate":"https:\/\/lauraelbe.com\/?s={search_term_string}"},"query-input":{"@type":"PropertyValueSpecification","valueRequired":true,"valueName":"search_term_string"}}],"inLanguage":"en-US"},{"@type":["Person","Organization"],"@id":"https:\/\/lauraelbe.com\/#\/schema\/person\/41df492673f68599e3b598ab73c7612c","name":"laura","image":{"@type":"ImageObject","inLanguage":"en-US","@id":"https:\/\/lauraelbe.com\/#\/schema\/person\/image\/","url":"https:\/\/lauraelbe.com\/wp-content\/uploads\/2025\/09\/Lauraelbe-LOGO-06-edited-1-scaled.png","contentUrl":"https:\/\/lauraelbe.com\/wp-content\/uploads\/2025\/09\/Lauraelbe-LOGO-06-edited-1-scaled.png","width":2560,"height":1440,"caption":"laura"},"logo":{"@id":"https:\/\/lauraelbe.com\/#\/schema\/person\/image\/"},"sameAs":["http:\/\/lauraelbe.com"]}]}},"_links":{"self":[{"href":"https:\/\/lauraelbe.com\/index.php\/wp-json\/wp\/v2\/pages\/125","targetHints":{"allow":["GET"]}}],"collection":[{"href":"https:\/\/lauraelbe.com\/index.php\/wp-json\/wp\/v2\/pages"}],"about":[{"href":"https:\/\/lauraelbe.com\/index.php\/wp-json\/wp\/v2\/types\/page"}],"author":[{"embeddable":true,"href":"https:\/\/lauraelbe.com\/index.php\/wp-json\/wp\/v2\/users\/1"}],"replies":[{"embeddable":true,"href":"https:\/\/lauraelbe.com\/index.php\/wp-json\/wp\/v2\/comments?post=125"}],"version-history":[{"count":3,"href":"https:\/\/lauraelbe.com\/index.php\/wp-json\/wp\/v2\/pages\/125\/revisions"}],"predecessor-version":[{"id":299,"href":"https:\/\/lauraelbe.com\/index.php\/wp-json\/wp\/v2\/pages\/125\/revisions\/299"}],"wp:attachment":[{"href":"https:\/\/lauraelbe.com\/index.php\/wp-json\/wp\/v2\/media?parent=125"}],"curies":[{"name":"wp","href":"https:\/\/api.w.org\/{rel}","templated":true}]}}